{"id":29309,"date":"2023-11-04T01:58:27","date_gmt":"2023-11-04T00:58:27","guid":{"rendered":"http:\/\/innocentiemangonipiante.it\/morus-platanifolia-fruitless-2\/"},"modified":"2023-11-06T19:13:30","modified_gmt":"2023-11-06T18:13:30","slug":"morus-platanifolia-fruitless-2","status":"publish","type":"product","link":"https:\/\/innocentiemangonipiante.it\/de\/morus-platanifolia-fruitless-2\/","title":{"rendered":"MORUS platanifolia &#8218;Fruitless&#8216;"},"content":{"rendered":"<p>Unfruchtbare Veredelung vom Morus Platanifolia. Tiefgelappte Bl\u00e4tter. Aufrechter Wuchs und glatte grau-braune Rinde. Im Fr\u00fchling produziert es reiche, kleine weisse Bl\u00fcten, auf herabh\u00e4ngenden K\u00e4tzchen, gefolgt von kleinen Fr\u00fcchten, die die Pflanze vor der Reife abtreibt. In extremen F\u00e4llen kann es passieren, dass die Fr\u00fcchte zur Reife gebracht seien.<\/p>\n","protected":false},"excerpt":{"rendered":"<p>Unfruchtbare Veredelung vom Morus Platanifolia. Tiefgelappte Bl\u00e4tter. Aufrechter Wuchs und glatte grau-braune Rinde. Im Fr\u00fchling produziert es reiche, kleine weisse Bl\u00fcten, auf herabh\u00e4ngenden K\u00e4tzchen, gefolgt von kleinen Fr\u00fcchten, die die Pflanze vor der Reife abtreibt. In extremen F\u00e4llen kann es passieren, dass die Fr\u00fcchte zur Reife gebracht seien.<\/p>\n","protected":false},"featured_media":23360,"template":"","meta":{"_acf_changed":false},"product_brand":[],"product_cat":[8813,9231],"product_tag":[10898,8401,8433],"class_list":{"0":"post-29309","1":"product","2":"type-product","3":"status-publish","4":"has-post-thumbnail","6":"product_cat-laubbaume-und-straucher","7":"product_cat-baume-und-pflanzen-der-zukunft","8":"product_tag-naturlichen","9":"product_tag-hochstamm","10":"product_tag-hochstamm-dach","11":"pa_altezza-massima-600-de","12":"pa_altezza-massima-12-meter","13":"pa_colore-fioritura-weis","14":"pa_condizionamento-clt-de","15":"pa_condizionamento-m-de","16":"pa_famiglia-moraceae-de","17":"pa_genere-morus-de","18":"pa_inquinamento-bestaendigkeit-gegen-smog","19":"pa_origine-europe-de","20":"pa_periodo-fioritura-april-de","21":"pa_portamento-arrotondato-de","22":"pa_resistenza-climatica-sehr-hoch","23":"pa_resistenza-del-suolo-bestandig-gegen-kalkhaltige-boden","24":"pa_resistenza-del-suolo-bestandig-gegen-trockene-boden","25":"pa_resistenza-del-suolo-resistent-gegen-arme-boeden","26":"pa_salinita-bestaendigkeit-in-meeresluft","27":"pa_utilizzo-parks-de","29":"first","30":"instock","31":"purchasable","32":"product-type-simple"},"acf":[],"_links":{"self":[{"href":"https:\/\/innocentiemangonipiante.it\/de\/wp-json\/wp\/v2\/product\/29309","targetHints":{"allow":["GET"]}}],"collection":[{"href":"https:\/\/innocentiemangonipiante.it\/de\/wp-json\/wp\/v2\/product"}],"about":[{"href":"https:\/\/innocentiemangonipiante.it\/de\/wp-json\/wp\/v2\/types\/product"}],"wp:featuredmedia":[{"embeddable":true,"href":"https:\/\/innocentiemangonipiante.it\/de\/wp-json\/wp\/v2\/media\/23360"}],"wp:attachment":[{"href":"https:\/\/innocentiemangonipiante.it\/de\/wp-json\/wp\/v2\/media?parent=29309"}],"wp:term":[{"taxonomy":"product_brand","embeddable":true,"href":"https:\/\/innocentiemangonipiante.it\/de\/wp-json\/wp\/v2\/product_brand?post=29309"},{"taxonomy":"product_cat","embeddable":true,"href":"https:\/\/innocentiemangonipiante.it\/de\/wp-json\/wp\/v2\/product_cat?post=29309"},{"taxonomy":"product_tag","embeddable":true,"href":"https:\/\/innocentiemangonipiante.it\/de\/wp-json\/wp\/v2\/product_tag?post=29309"}],"curies":[{"name":"wp","href":"https:\/\/api.w.org\/{rel}","templated":true}]}}