{"id":29333,"date":"2023-11-04T02:01:57","date_gmt":"2023-11-04T01:01:57","guid":{"rendered":"http:\/\/innocentiemangonipiante.it\/nerium-oleander-giallo-semplice\/"},"modified":"2023-11-06T19:16:31","modified_gmt":"2023-11-06T18:16:31","slug":"nerium-oleander-giallo-semplice","status":"publish","type":"product","link":"https:\/\/innocentiemangonipiante.it\/de\/nerium-oleander-giallo-semplice\/","title":{"rendered":"NERIUM oleander &#8218;Giallo Semplice&#8216;"},"content":{"rendered":"<p>Immergr\u00fcner Baum mit lanzenf\u00f6rmigen gr\u00fcnen Bl\u00e4ttern. Im Sommer produziert viele Blumen. H\u00f6he Salz Luft Vertr\u00e4glichkeit.<\/p>\n","protected":false},"excerpt":{"rendered":"<p>Immergr\u00fcner Baum mit lanzenf\u00f6rmigen gr\u00fcnen Bl\u00e4ttern. Im Sommer produziert viele Blumen. H\u00f6he Salz Luft Vertr\u00e4glichkeit.<\/p>\n","protected":false},"featured_media":23432,"template":"","meta":{"_acf_changed":false},"product_brand":[],"product_cat":[8816],"product_tag":[10898,8565,8401],"class_list":{"0":"post-29333","1":"product","2":"type-product","3":"status-publish","4":"has-post-thumbnail","6":"product_cat-hartnaeckige-baeume-und-straeucher","7":"product_tag-naturlichen","8":"product_tag-halbstamm","9":"product_tag-hochstamm","10":"pa_altezza-massima-200-de","11":"pa_altezza-massima-400-de","12":"pa_colore-fioritura-gelbe","13":"pa_condizionamento-clt-de","14":"pa_famiglia-apocynaceae-de","15":"pa_genere-nerium-de","16":"pa_origine-asien","17":"pa_origine-europaischen-mittelmeeres","18":"pa_periodo-fioritura-august-de","19":"pa_periodo-fioritura-juli","20":"pa_periodo-fioritura-juni","21":"pa_portamento-cespuglioso-de","22":"pa_resistenza-climatica-sehr-niedrig","23":"pa_resistenza-del-suolo-bestandig-gegen-kalkhaltige-boden","24":"pa_salinita-bestaendigkeit-in-meeresluft","25":"pa_utilizzo-balkone","26":"pa_utilizzo-hecken","27":"pa_utilizzo-kleine-gaerten","28":"pa_utilizzo-parks-de","30":"first","31":"instock","32":"purchasable","33":"product-type-simple"},"acf":[],"_links":{"self":[{"href":"https:\/\/innocentiemangonipiante.it\/de\/wp-json\/wp\/v2\/product\/29333","targetHints":{"allow":["GET"]}}],"collection":[{"href":"https:\/\/innocentiemangonipiante.it\/de\/wp-json\/wp\/v2\/product"}],"about":[{"href":"https:\/\/innocentiemangonipiante.it\/de\/wp-json\/wp\/v2\/types\/product"}],"wp:featuredmedia":[{"embeddable":true,"href":"https:\/\/innocentiemangonipiante.it\/de\/wp-json\/wp\/v2\/media\/23432"}],"wp:attachment":[{"href":"https:\/\/innocentiemangonipiante.it\/de\/wp-json\/wp\/v2\/media?parent=29333"}],"wp:term":[{"taxonomy":"product_brand","embeddable":true,"href":"https:\/\/innocentiemangonipiante.it\/de\/wp-json\/wp\/v2\/product_brand?post=29333"},{"taxonomy":"product_cat","embeddable":true,"href":"https:\/\/innocentiemangonipiante.it\/de\/wp-json\/wp\/v2\/product_cat?post=29333"},{"taxonomy":"product_tag","embeddable":true,"href":"https:\/\/innocentiemangonipiante.it\/de\/wp-json\/wp\/v2\/product_tag?post=29333"}],"curies":[{"name":"wp","href":"https:\/\/api.w.org\/{rel}","templated":true}]}}