{"id":29347,"date":"2023-11-04T02:03:38","date_gmt":"2023-11-04T01:03:38","guid":{"rendered":"http:\/\/innocentiemangonipiante.it\/olea-europaea-cipressino-2\/"},"modified":"2023-11-06T19:18:09","modified_gmt":"2023-11-06T18:18:09","slug":"olea-europaea-cipressino","status":"publish","type":"product","link":"https:\/\/innocentiemangonipiante.it\/de\/olea-europaea-cipressino\/","title":{"rendered":"OLEA europaea &#8218;Cipressino&#8216;"},"content":{"rendered":"<p>Immergr\u00fcner pyramidaler Baum. Die feinen lanzettartigen Bl\u00e4tter sind grau-gr\u00fcn auf der Oberseite und silbrig auf der Unterseite. Im Sommer bl\u00fchen Rispen mit wei\u00dfen duftenden Bl\u00fcten, die zu eif\u00f6rmigen gr\u00fcnen bis purpurfarbenen Fr\u00fcchten f\u00fchren, die nach der Reife f\u00fcr die \u00d6lproduktion geeignet sind. Windfest.<\/p>\n","protected":false},"excerpt":{"rendered":"<p>Immergr\u00fcner pyramidaler Baum. Die feinen lanzettartigen Bl\u00e4tter sind grau-gr\u00fcn auf der Oberseite und silbrig auf der Unterseite. Im Sommer bl\u00fchen Rispen mit wei\u00dfen duftenden Bl\u00fcten, die zu eif\u00f6rmigen gr\u00fcnen bis purpurfarbenen Fr\u00fcchten f\u00fchren, die nach der Reife f\u00fcr die \u00d6lproduktion geeignet sind. Windfest.<\/p>\n","protected":false},"featured_media":23480,"template":"","meta":{"_acf_changed":false},"product_brand":[],"product_cat":[8816],"product_tag":[10898,8401,8536,8498],"class_list":{"0":"post-29347","1":"product","2":"type-product","3":"status-publish","4":"has-post-thumbnail","6":"product_cat-hartnaeckige-baeume-und-straeucher","7":"product_tag-naturlichen","8":"product_tag-hochstamm","9":"product_tag-kegel","10":"product_tag-mehrstammig-mit-schirmformiger-krone","11":"pa_altezza-massima-800-de","12":"pa_altezza-massima-1000-de-2","13":"pa_colore-delle-foglie-grauen","14":"pa_colore-fioritura-weis","15":"pa_condizionamento-clt-de","16":"pa_condizionamento-jungplanzen","17":"pa_famiglia-oleaceae-de","18":"pa_genere-olea-de","19":"pa_origine-italien","20":"pa_periodo-fioritura-juni","21":"pa_periodo-fioritura-mai-de","22":"pa_periodo-fruttificazione-oktober","23":"pa_portamento-piramidale-de","24":"pa_profumo-zart","25":"pa_resistenza-climatica-mittel","26":"pa_utilizzo-kleine-gaerten","27":"pa_utilizzo-parks-de","29":"first","30":"instock","31":"purchasable","32":"product-type-simple"},"acf":[],"_links":{"self":[{"href":"https:\/\/innocentiemangonipiante.it\/de\/wp-json\/wp\/v2\/product\/29347","targetHints":{"allow":["GET"]}}],"collection":[{"href":"https:\/\/innocentiemangonipiante.it\/de\/wp-json\/wp\/v2\/product"}],"about":[{"href":"https:\/\/innocentiemangonipiante.it\/de\/wp-json\/wp\/v2\/types\/product"}],"wp:featuredmedia":[{"embeddable":true,"href":"https:\/\/innocentiemangonipiante.it\/de\/wp-json\/wp\/v2\/media\/23480"}],"wp:attachment":[{"href":"https:\/\/innocentiemangonipiante.it\/de\/wp-json\/wp\/v2\/media?parent=29347"}],"wp:term":[{"taxonomy":"product_brand","embeddable":true,"href":"https:\/\/innocentiemangonipiante.it\/de\/wp-json\/wp\/v2\/product_brand?post=29347"},{"taxonomy":"product_cat","embeddable":true,"href":"https:\/\/innocentiemangonipiante.it\/de\/wp-json\/wp\/v2\/product_cat?post=29347"},{"taxonomy":"product_tag","embeddable":true,"href":"https:\/\/innocentiemangonipiante.it\/de\/wp-json\/wp\/v2\/product_tag?post=29347"}],"curies":[{"name":"wp","href":"https:\/\/api.w.org\/{rel}","templated":true}]}}