{"id":29361,"date":"2023-11-04T02:05:09","date_gmt":"2023-11-04T01:05:09","guid":{"rendered":"http:\/\/innocentiemangonipiante.it\/osmanthus-heterophyllus-purpureus\/"},"modified":"2023-11-06T19:19:16","modified_gmt":"2023-11-06T18:19:16","slug":"osmanthus-heterophyllus-purpureus","status":"publish","type":"product","link":"https:\/\/innocentiemangonipiante.it\/de\/osmanthus-heterophyllus-purpureus\/","title":{"rendered":"OSMANTHUS heterophyllus &#8218;Purpureus&#8216;"},"content":{"rendered":"<p>Immergr\u00fcner, kompakter Strauch mit elliptischen Bl\u00e4ttern, mit gewellten und dornigen R\u00e4ndern, mit dunkelgr\u00fcner F\u00e4rbung. Die neuen Triebe haben eine schwarz-purpurrote Farbe.<\/p>\n","protected":false},"excerpt":{"rendered":"<p>Immergr\u00fcner, kompakter Strauch mit elliptischen Bl\u00e4ttern, mit gewellten und dornigen R\u00e4ndern, mit dunkelgr\u00fcner F\u00e4rbung. Die neuen Triebe haben eine schwarz-purpurrote Farbe.<\/p>\n","protected":false},"featured_media":23524,"template":"","meta":{"_acf_changed":false},"product_brand":[],"product_cat":[8816],"product_tag":[10898],"class_list":{"0":"post-29361","1":"product","2":"type-product","3":"status-publish","4":"has-post-thumbnail","6":"product_cat-hartnaeckige-baeume-und-straeucher","7":"product_tag-naturlichen","8":"pa_altezza-massima-300-de","9":"pa_altezza-massima-400-de","10":"pa_colore-fioritura-weis","11":"pa_famiglia-oleaceae-de","12":"pa_genere-osmanthus-de","13":"pa_inquinamento-bestaendigkeit-gegen-smog","14":"pa_origine-japan-de","15":"pa_periodo-fioritura-oktober","16":"pa_periodo-fioritura-september-de","17":"pa_portamento-arrotondato-de","18":"pa_profumo-intensiv","19":"pa_resistenza-climatica-mittel-hoch","20":"pa_resistenza-del-suolo-bestandig-gegen-kalkhaltige-boden","21":"pa_utilizzo-kleine-gaerten","22":"pa_utilizzo-parks-de","24":"first","25":"instock","26":"purchasable","27":"product-type-simple"},"acf":[],"_links":{"self":[{"href":"https:\/\/innocentiemangonipiante.it\/de\/wp-json\/wp\/v2\/product\/29361","targetHints":{"allow":["GET"]}}],"collection":[{"href":"https:\/\/innocentiemangonipiante.it\/de\/wp-json\/wp\/v2\/product"}],"about":[{"href":"https:\/\/innocentiemangonipiante.it\/de\/wp-json\/wp\/v2\/types\/product"}],"wp:featuredmedia":[{"embeddable":true,"href":"https:\/\/innocentiemangonipiante.it\/de\/wp-json\/wp\/v2\/media\/23524"}],"wp:attachment":[{"href":"https:\/\/innocentiemangonipiante.it\/de\/wp-json\/wp\/v2\/media?parent=29361"}],"wp:term":[{"taxonomy":"product_brand","embeddable":true,"href":"https:\/\/innocentiemangonipiante.it\/de\/wp-json\/wp\/v2\/product_brand?post=29361"},{"taxonomy":"product_cat","embeddable":true,"href":"https:\/\/innocentiemangonipiante.it\/de\/wp-json\/wp\/v2\/product_cat?post=29361"},{"taxonomy":"product_tag","embeddable":true,"href":"https:\/\/innocentiemangonipiante.it\/de\/wp-json\/wp\/v2\/product_tag?post=29361"}],"curies":[{"name":"wp","href":"https:\/\/api.w.org\/{rel}","templated":true}]}}