{"id":29366,"date":"2023-11-04T02:05:49","date_gmt":"2023-11-04T01:05:49","guid":{"rendered":"http:\/\/innocentiemangonipiante.it\/ostrya-carpinifolia-2\/"},"modified":"2023-11-06T19:20:17","modified_gmt":"2023-11-06T18:20:17","slug":"ostrya-carpinifolia","status":"publish","type":"product","link":"https:\/\/innocentiemangonipiante.it\/de\/ostrya-carpinifolia\/","title":{"rendered":"OSTRYA carpinifolia"},"content":{"rendered":"<p>Breit-kegelf\u00f6rmig bis rundlich der Wuchs dieses Baums. Die bis 10cm langen Bl\u00e4tter sind eif\u00f6rmig und doppel-gez\u00e4hnt. Ertr\u00e4gt sehr gut Trockenheit. Das Laub ist leuchtendgelb im Herbst.<\/p>\n","protected":false},"excerpt":{"rendered":"<p>Breit-kegelf\u00f6rmig bis rundlich der Wuchs dieses Baums. Die bis 10cm langen Bl\u00e4tter sind eif\u00f6rmig und doppel-gez\u00e4hnt. Ertr\u00e4gt sehr gut Trockenheit. Das Laub ist leuchtendgelb im Herbst.<\/p>\n","protected":false},"featured_media":23530,"template":"","meta":{"_acf_changed":false},"product_brand":[],"product_cat":[8813,9231],"product_tag":[10898],"class_list":{"0":"post-29366","1":"product","2":"type-product","3":"status-publish","4":"has-post-thumbnail","6":"product_cat-laubbaume-und-straucher","7":"product_cat-baume-und-pflanzen-der-zukunft","8":"product_tag-naturlichen","9":"pa_altezza-massima-15-meter","10":"pa_altezza-massima-20-meter","11":"pa_colore-fioritura-weis","12":"pa_famiglia-carpinaceae-de","13":"pa_genere-ostrya-de","14":"pa_inquinamento-bestaendigkeit-gegen-smog","15":"pa_origine-mitteleuropa","16":"pa_periodo-fioritura-april-de","17":"pa_portamento-piramidale-de","18":"pa_resistenza-climatica-sehr-hoch","19":"pa_resistenza-del-suolo-bestandig-gegen-kalkhaltige-boden","20":"pa_resistenza-del-suolo-bestandig-gegen-trockene-boden","21":"pa_resistenza-del-suolo-resistent-gegen-arme-boeden","22":"pa_salinita-bestaendigkeit-in-meeresluft","23":"pa_utilizzo-alleen","24":"pa_utilizzo-parks-de","26":"first","27":"instock","28":"purchasable","29":"product-type-simple"},"acf":[],"_links":{"self":[{"href":"https:\/\/innocentiemangonipiante.it\/de\/wp-json\/wp\/v2\/product\/29366","targetHints":{"allow":["GET"]}}],"collection":[{"href":"https:\/\/innocentiemangonipiante.it\/de\/wp-json\/wp\/v2\/product"}],"about":[{"href":"https:\/\/innocentiemangonipiante.it\/de\/wp-json\/wp\/v2\/types\/product"}],"wp:featuredmedia":[{"embeddable":true,"href":"https:\/\/innocentiemangonipiante.it\/de\/wp-json\/wp\/v2\/media\/23530"}],"wp:attachment":[{"href":"https:\/\/innocentiemangonipiante.it\/de\/wp-json\/wp\/v2\/media?parent=29366"}],"wp:term":[{"taxonomy":"product_brand","embeddable":true,"href":"https:\/\/innocentiemangonipiante.it\/de\/wp-json\/wp\/v2\/product_brand?post=29366"},{"taxonomy":"product_cat","embeddable":true,"href":"https:\/\/innocentiemangonipiante.it\/de\/wp-json\/wp\/v2\/product_cat?post=29366"},{"taxonomy":"product_tag","embeddable":true,"href":"https:\/\/innocentiemangonipiante.it\/de\/wp-json\/wp\/v2\/product_tag?post=29366"}],"curies":[{"name":"wp","href":"https:\/\/api.w.org\/{rel}","templated":true}]}}