{"id":29397,"date":"2023-11-04T02:08:38","date_gmt":"2023-11-04T01:08:38","guid":{"rendered":"http:\/\/innocentiemangonipiante.it\/pennisetum-alopecuroides-hameln\/"},"modified":"2023-11-06T19:22:06","modified_gmt":"2023-11-06T18:22:06","slug":"pennisetum-alopecuroides-hameln","status":"publish","type":"product","link":"https:\/\/innocentiemangonipiante.it\/de\/pennisetum-alopecuroides-hameln\/","title":{"rendered":"PENNISETUM alopecuroides &#8218;Hameln&#8216;"},"content":{"rendered":"<p>Perennierende, immergr\u00fcne Pflanze, mit l\u00e4nglichschmalen flachen dunkelgr\u00fcnen Bl\u00e4ttern, dann goldgelb gef\u00e4rbt im Herbst. Vorzeitige weissgr\u00fcn dann gra-braunfarbige 12 cm lange Bl\u00fctenkolben. Kompakter Wuchs.<\/p>\n","protected":false},"excerpt":{"rendered":"<p>Perennierende, immergr\u00fcne Pflanze, mit l\u00e4nglichschmalen flachen dunkelgr\u00fcnen Bl\u00e4ttern, dann goldgelb gef\u00e4rbt im Herbst. Vorzeitige weissgr\u00fcn dann gra-braunfarbige 12 cm lange Bl\u00fctenkolben. Kompakter Wuchs.<\/p>\n","protected":false},"featured_media":23596,"template":"","meta":{"_acf_changed":false},"product_brand":[],"product_cat":[9791],"product_tag":[10898],"class_list":{"0":"post-29397","1":"product","2":"type-product","3":"status-publish","4":"has-post-thumbnail","6":"product_cat-graeser","7":"product_tag-naturlichen","8":"pa_altezza-massima-0_80-meter","9":"pa_altezza-massima-130-de","10":"pa_colore-fioritura-weis","11":"pa_condizionamento-clt-de","12":"pa_famiglia-poaceae-de","13":"pa_genere-pennisetum-de","14":"pa_origine-asien","15":"pa_periodo-fioritura-april-de","16":"pa_periodo-fioritura-mai-de","17":"pa_portamento-eretto-de","18":"pa_resistenza-climatica-sehr-hoch","19":"pa_resistenza-del-suolo-bestandig-gegen-trockene-boden","20":"pa_utilizzo-balkone","21":"pa_utilizzo-kleine-gaerten","22":"pa_utilizzo-parks-de","24":"first","25":"instock","26":"purchasable","27":"product-type-simple"},"acf":[],"_links":{"self":[{"href":"https:\/\/innocentiemangonipiante.it\/de\/wp-json\/wp\/v2\/product\/29397","targetHints":{"allow":["GET"]}}],"collection":[{"href":"https:\/\/innocentiemangonipiante.it\/de\/wp-json\/wp\/v2\/product"}],"about":[{"href":"https:\/\/innocentiemangonipiante.it\/de\/wp-json\/wp\/v2\/types\/product"}],"wp:featuredmedia":[{"embeddable":true,"href":"https:\/\/innocentiemangonipiante.it\/de\/wp-json\/wp\/v2\/media\/23596"}],"wp:attachment":[{"href":"https:\/\/innocentiemangonipiante.it\/de\/wp-json\/wp\/v2\/media?parent=29397"}],"wp:term":[{"taxonomy":"product_brand","embeddable":true,"href":"https:\/\/innocentiemangonipiante.it\/de\/wp-json\/wp\/v2\/product_brand?post=29397"},{"taxonomy":"product_cat","embeddable":true,"href":"https:\/\/innocentiemangonipiante.it\/de\/wp-json\/wp\/v2\/product_cat?post=29397"},{"taxonomy":"product_tag","embeddable":true,"href":"https:\/\/innocentiemangonipiante.it\/de\/wp-json\/wp\/v2\/product_tag?post=29397"}],"curies":[{"name":"wp","href":"https:\/\/api.w.org\/{rel}","templated":true}]}}