{"id":29448,"date":"2023-11-04T02:12:13","date_gmt":"2023-11-04T01:12:13","guid":{"rendered":"http:\/\/innocentiemangonipiante.it\/phormium-jester\/"},"modified":"2023-11-06T19:24:16","modified_gmt":"2023-11-06T18:24:16","slug":"phormium-jester","status":"publish","type":"product","link":"https:\/\/innocentiemangonipiante.it\/de\/phormium-jester\/","title":{"rendered":"PHORMIUM &#8218;Jester&#8216;"},"content":{"rendered":"<p>Die Bl\u00e4tter sind rosafarbig und haben lime-gr\u00fcne R\u00e4nder.<\/p>\n","protected":false},"excerpt":{"rendered":"<p>Die Bl\u00e4tter sind rosafarbig und haben lime-gr\u00fcne R\u00e4nder.<\/p>\n","protected":false},"featured_media":4368,"template":"","meta":{"_acf_changed":false},"product_brand":[],"product_cat":[8816],"product_tag":[10898],"class_list":{"0":"post-29448","1":"product","2":"type-product","3":"status-publish","4":"has-post-thumbnail","6":"product_cat-hartnaeckige-baeume-und-straeucher","7":"product_tag-naturlichen","8":"pa_altezza-massima-0_50-meter","9":"pa_altezza-massima-100-de","10":"pa_colore-delle-foglie-vielfaeltigen","11":"pa_condizionamento-clt-de","12":"pa_famiglia-agavaceae-phormiaceae-de","13":"pa_genere-phormium-de","14":"pa_origine-neuseeland-de","15":"pa_portamento-eretto-de","16":"pa_resistenza-climatica-mittel","17":"pa_resistenza-del-suolo-bestandig-gegen-trockene-boden","18":"pa_salinita-bestaendigkeit-in-meeresluft","19":"pa_utilizzo-balkone","20":"pa_utilizzo-kleine-gaerten","22":"first","23":"instock","24":"purchasable","25":"product-type-simple"},"acf":[],"_links":{"self":[{"href":"https:\/\/innocentiemangonipiante.it\/de\/wp-json\/wp\/v2\/product\/29448","targetHints":{"allow":["GET"]}}],"collection":[{"href":"https:\/\/innocentiemangonipiante.it\/de\/wp-json\/wp\/v2\/product"}],"about":[{"href":"https:\/\/innocentiemangonipiante.it\/de\/wp-json\/wp\/v2\/types\/product"}],"wp:featuredmedia":[{"embeddable":true,"href":"https:\/\/innocentiemangonipiante.it\/de\/wp-json\/wp\/v2\/media\/4368"}],"wp:attachment":[{"href":"https:\/\/innocentiemangonipiante.it\/de\/wp-json\/wp\/v2\/media?parent=29448"}],"wp:term":[{"taxonomy":"product_brand","embeddable":true,"href":"https:\/\/innocentiemangonipiante.it\/de\/wp-json\/wp\/v2\/product_brand?post=29448"},{"taxonomy":"product_cat","embeddable":true,"href":"https:\/\/innocentiemangonipiante.it\/de\/wp-json\/wp\/v2\/product_cat?post=29448"},{"taxonomy":"product_tag","embeddable":true,"href":"https:\/\/innocentiemangonipiante.it\/de\/wp-json\/wp\/v2\/product_tag?post=29448"}],"curies":[{"name":"wp","href":"https:\/\/api.w.org\/{rel}","templated":true}]}}