{"id":29481,"date":"2023-11-04T02:15:06","date_gmt":"2023-11-04T01:15:06","guid":{"rendered":"http:\/\/innocentiemangonipiante.it\/photinia-x-fraseri-pink-marble-2\/"},"modified":"2023-11-06T19:26:40","modified_gmt":"2023-11-06T18:26:40","slug":"photinia-x-fraseri-pink-marble","status":"publish","type":"product","link":"https:\/\/innocentiemangonipiante.it\/de\/photinia-x-fraseri-pink-marble\/","title":{"rendered":"PHOTINIA x fraseri &#8218;Pink Marble&#8216; \u00ae"},"content":{"rendered":"<p>Sehr dekorativer immergr\u00fcner Strauch. Die Bl\u00e4tter sind beim Austrieb Rot mit rosafarbenen R\u00e4ndern. Nachher gr\u00fcn mit cremeweissen R\u00e4ndern.<\/p>\n","protected":false},"excerpt":{"rendered":"<p>Sehr dekorativer immergr\u00fcner Strauch. Die Bl\u00e4tter sind beim Austrieb Rot mit rosafarbenen R\u00e4ndern. Nachher gr\u00fcn mit cremeweissen R\u00e4ndern.<\/p>\n","protected":false},"featured_media":23743,"template":"","meta":{"_acf_changed":false},"product_brand":[],"product_cat":[8816],"product_tag":[10898],"class_list":{"0":"post-29481","1":"product","2":"type-product","3":"status-publish","4":"has-post-thumbnail","6":"product_cat-hartnaeckige-baeume-und-straeucher","7":"product_tag-naturlichen","8":"pa_altezza-massima-300-de","9":"pa_altezza-massima-500-de","10":"pa_colore-delle-foglie-vielfaeltigen","11":"pa_colore-fioritura-weis","12":"pa_famiglia-rosaceae-de","13":"pa_genere-photinia-de","14":"pa_origine-u-s-a","15":"pa_periodo-fioritura-april-de","16":"pa_periodo-fioritura-maerz","17":"pa_portamento-eretto-de","18":"pa_profumo-zart","19":"pa_resistenza-climatica-mittel-hoch","20":"pa_resistenza-del-suolo-bestandig-gegen-kalkhaltige-boden","21":"pa_resistenza-del-suolo-bestandig-gegen-trockene-boden","22":"pa_salinita-bestaendigkeit-in-meeresluft","23":"pa_utilizzo-hecken","24":"pa_utilizzo-kleine-gaerten","25":"pa_utilizzo-parks-de","27":"first","28":"instock","29":"purchasable","30":"product-type-simple"},"acf":[],"_links":{"self":[{"href":"https:\/\/innocentiemangonipiante.it\/de\/wp-json\/wp\/v2\/product\/29481","targetHints":{"allow":["GET"]}}],"collection":[{"href":"https:\/\/innocentiemangonipiante.it\/de\/wp-json\/wp\/v2\/product"}],"about":[{"href":"https:\/\/innocentiemangonipiante.it\/de\/wp-json\/wp\/v2\/types\/product"}],"wp:featuredmedia":[{"embeddable":true,"href":"https:\/\/innocentiemangonipiante.it\/de\/wp-json\/wp\/v2\/media\/23743"}],"wp:attachment":[{"href":"https:\/\/innocentiemangonipiante.it\/de\/wp-json\/wp\/v2\/media?parent=29481"}],"wp:term":[{"taxonomy":"product_brand","embeddable":true,"href":"https:\/\/innocentiemangonipiante.it\/de\/wp-json\/wp\/v2\/product_brand?post=29481"},{"taxonomy":"product_cat","embeddable":true,"href":"https:\/\/innocentiemangonipiante.it\/de\/wp-json\/wp\/v2\/product_cat?post=29481"},{"taxonomy":"product_tag","embeddable":true,"href":"https:\/\/innocentiemangonipiante.it\/de\/wp-json\/wp\/v2\/product_tag?post=29481"}],"curies":[{"name":"wp","href":"https:\/\/api.w.org\/{rel}","templated":true}]}}