{"id":29582,"date":"2023-11-04T02:26:05","date_gmt":"2023-11-04T01:26:05","guid":{"rendered":"http:\/\/innocentiemangonipiante.it\/pittosporum-heterophyllum\/"},"modified":"2023-11-06T19:35:47","modified_gmt":"2023-11-06T18:35:47","slug":"pittosporum-heterophyllum","status":"publish","type":"product","link":"https:\/\/innocentiemangonipiante.it\/de\/pittosporum-heterophyllum\/","title":{"rendered":"PITTOSPORUM heterophyllum"},"content":{"rendered":"<p>Immergr\u00fcner kleiner Strauch mit gl\u00e4nzendem gr\u00fcnem Laub. Produziert gelbe duftende Bl\u00fcte. Widerstandsf\u00e4higer wie Pittosporum tobira gegen Frost und K\u00e4lte.<\/p>\n","protected":false},"excerpt":{"rendered":"<p>Immergr\u00fcner kleiner Strauch mit gl\u00e4nzendem gr\u00fcnem Laub. Produziert gelbe duftende Bl\u00fcte. Widerstandsf\u00e4higer wie Pittosporum tobira gegen Frost und K\u00e4lte.<\/p>\n","protected":false},"featured_media":4689,"template":"","meta":{"_acf_changed":false},"product_brand":[],"product_cat":[8816],"product_tag":[10898],"class_list":{"0":"post-29582","1":"product","2":"type-product","3":"status-publish","4":"has-post-thumbnail","6":"product_cat-hartnaeckige-baeume-und-straeucher","7":"product_tag-naturlichen","8":"pa_altezza-massima-150-de","9":"pa_altezza-massima-200-de","10":"pa_colore-fioritura-gelbe","11":"pa_condizionamento-clt-de","12":"pa_famiglia-pittosporaceae-de","13":"pa_genere-pittosporum-de","14":"pa_origine-ostasien","15":"pa_periodo-fioritura-april-de","16":"pa_periodo-fioritura-mai-de","17":"pa_portamento-arrotondato-de","18":"pa_profumo-intensiv","19":"pa_resistenza-climatica-mittel","20":"pa_resistenza-del-suolo-bestandig-gegen-kalkhaltige-boden","21":"pa_salinita-bestaendigkeit-in-meeresluft","22":"pa_utilizzo-hecken","23":"pa_utilizzo-kleine-gaerten","25":"first","26":"instock","27":"purchasable","28":"product-type-simple"},"acf":[],"_links":{"self":[{"href":"https:\/\/innocentiemangonipiante.it\/de\/wp-json\/wp\/v2\/product\/29582","targetHints":{"allow":["GET"]}}],"collection":[{"href":"https:\/\/innocentiemangonipiante.it\/de\/wp-json\/wp\/v2\/product"}],"about":[{"href":"https:\/\/innocentiemangonipiante.it\/de\/wp-json\/wp\/v2\/types\/product"}],"wp:featuredmedia":[{"embeddable":true,"href":"https:\/\/innocentiemangonipiante.it\/de\/wp-json\/wp\/v2\/media\/4689"}],"wp:attachment":[{"href":"https:\/\/innocentiemangonipiante.it\/de\/wp-json\/wp\/v2\/media?parent=29582"}],"wp:term":[{"taxonomy":"product_brand","embeddable":true,"href":"https:\/\/innocentiemangonipiante.it\/de\/wp-json\/wp\/v2\/product_brand?post=29582"},{"taxonomy":"product_cat","embeddable":true,"href":"https:\/\/innocentiemangonipiante.it\/de\/wp-json\/wp\/v2\/product_cat?post=29582"},{"taxonomy":"product_tag","embeddable":true,"href":"https:\/\/innocentiemangonipiante.it\/de\/wp-json\/wp\/v2\/product_tag?post=29582"}],"curies":[{"name":"wp","href":"https:\/\/api.w.org\/{rel}","templated":true}]}}