{"id":29624,"date":"2023-11-04T02:30:36","date_gmt":"2023-11-04T01:30:36","guid":{"rendered":"http:\/\/innocentiemangonipiante.it\/prunus-caroliniana\/"},"modified":"2023-11-06T19:38:57","modified_gmt":"2023-11-06T18:38:57","slug":"prunus-caroliniana","status":"publish","type":"product","link":"https:\/\/innocentiemangonipiante.it\/de\/prunus-caroliniana\/","title":{"rendered":"PRUNUS caroliniana"},"content":{"rendered":"<p>Immergr\u00fcner winterharter Baum sehr verbreitet als Strauch in grossen Pflanzensiedlungen, in Privatg\u00e4rten in Strauchh\u00f6he gehalten und als Heckenpflanze. Dieser robuste Baum eignet sich mit vielen Bodenarten und hat je nach Bodenzusammensetzung gelbgr\u00fcne bis dunkelgr\u00fcne 10 cm lange Bl\u00e4tter. Am Winterende und Fr\u00fchlingsanfang produziert es weisse duftende Bl\u00fcten, dann 1cm-Durchmesser blau-schwarze Beeren.<\/p>\n","protected":false},"excerpt":{"rendered":"<p>Immergr\u00fcner winterharter Baum sehr verbreitet als Strauch in grossen Pflanzensiedlungen, in Privatg\u00e4rten in Strauchh\u00f6he gehalten und als Heckenpflanze. Dieser robuste Baum eignet sich mit vielen Bodenarten und hat je nach Bodenzusammensetzung gelbgr\u00fcne bis dunkelgr\u00fcne 10 cm lange Bl\u00e4tter. Am Winterende und Fr\u00fchlingsanfang produziert es weisse duftende Bl\u00fcten, dann 1cm-Durchmesser blau-schwarze Beeren.<\/p>\n","protected":false},"featured_media":24003,"template":"","meta":{"_acf_changed":false},"product_brand":[],"product_cat":[8813],"product_tag":[10898],"class_list":{"0":"post-29624","1":"product","2":"type-product","3":"status-publish","4":"has-post-thumbnail","6":"product_cat-laubbaume-und-straucher","7":"product_tag-naturlichen","8":"pa_altezza-massima-600-de","9":"pa_altezza-massima-12-meter","10":"pa_colore-fioritura-weis","11":"pa_famiglia-rosaceae-de","12":"pa_genere-prunus-de","13":"pa_origine-sudeuropa-de","14":"pa_periodo-fioritura-februar","15":"pa_periodo-fioritura-maerz","16":"pa_portamento-arrotondato-de","17":"pa_profumo-zart","18":"pa_resistenza-climatica-sehr-hoch","19":"pa_resistenza-del-suolo-bestandig-gegen-kalkhaltige-boden","20":"pa_utilizzo-balkone","21":"pa_utilizzo-kleine-gaerten","22":"pa_utilizzo-parks-de","24":"first","25":"instock","26":"purchasable","27":"product-type-simple"},"acf":[],"_links":{"self":[{"href":"https:\/\/innocentiemangonipiante.it\/de\/wp-json\/wp\/v2\/product\/29624","targetHints":{"allow":["GET"]}}],"collection":[{"href":"https:\/\/innocentiemangonipiante.it\/de\/wp-json\/wp\/v2\/product"}],"about":[{"href":"https:\/\/innocentiemangonipiante.it\/de\/wp-json\/wp\/v2\/types\/product"}],"wp:featuredmedia":[{"embeddable":true,"href":"https:\/\/innocentiemangonipiante.it\/de\/wp-json\/wp\/v2\/media\/24003"}],"wp:attachment":[{"href":"https:\/\/innocentiemangonipiante.it\/de\/wp-json\/wp\/v2\/media?parent=29624"}],"wp:term":[{"taxonomy":"product_brand","embeddable":true,"href":"https:\/\/innocentiemangonipiante.it\/de\/wp-json\/wp\/v2\/product_brand?post=29624"},{"taxonomy":"product_cat","embeddable":true,"href":"https:\/\/innocentiemangonipiante.it\/de\/wp-json\/wp\/v2\/product_cat?post=29624"},{"taxonomy":"product_tag","embeddable":true,"href":"https:\/\/innocentiemangonipiante.it\/de\/wp-json\/wp\/v2\/product_tag?post=29624"}],"curies":[{"name":"wp","href":"https:\/\/api.w.org\/{rel}","templated":true}]}}