{"id":29651,"date":"2023-11-04T02:34:07","date_gmt":"2023-11-04T01:34:07","guid":{"rendered":"http:\/\/innocentiemangonipiante.it\/prunus-serrulata-amanogawa-2\/"},"modified":"2023-11-06T19:41:33","modified_gmt":"2023-11-06T18:41:33","slug":"prunus-serrulata-amanogawa","status":"publish","type":"product","link":"https:\/\/innocentiemangonipiante.it\/de\/prunus-serrulata-amanogawa\/","title":{"rendered":"PRUNUS serrulata &#8218;Amanogawa&#8216;"},"content":{"rendered":"<p>Sommergr\u00fcner s\u00e4ulenf\u00f6rmiger Baum. Die aufrecht stehenden \u00c4ste haben wechselst\u00e4ndige, elliptische, spitz zulaufende, gez\u00e4hnte Bl\u00e4tter, die zun\u00e4chst bronzefarben sind und sich dann dunkelgr\u00fcn f\u00e4rben. Ab Ende April hellrosa Doppelbl\u00fcten mit einem Durchmesser von 3-4 cm.<\/p>\n","protected":false},"excerpt":{"rendered":"<p>Sommergr\u00fcner s\u00e4ulenf\u00f6rmiger Baum. Die aufrecht stehenden \u00c4ste haben wechselst\u00e4ndige, elliptische, spitz zulaufende, gez\u00e4hnte Bl\u00e4tter, die zun\u00e4chst bronzefarben sind und sich dann dunkelgr\u00fcn f\u00e4rben. Ab Ende April hellrosa Doppelbl\u00fcten mit einem Durchmesser von 3-4 cm.<\/p>\n","protected":false},"featured_media":24066,"template":"","meta":{"_acf_changed":false},"product_brand":[],"product_cat":[8813],"product_tag":[10898],"class_list":{"0":"post-29651","1":"product","2":"type-product","3":"status-publish","4":"has-post-thumbnail","6":"product_cat-laubbaume-und-straucher","7":"product_tag-naturlichen","8":"pa_altezza-massima-500-de","9":"pa_altezza-massima-800-de","10":"pa_colore-fioritura-rose-de","11":"pa_famiglia-rosaceae-de","12":"pa_genere-prunus-de","13":"pa_inquinamento-bestaendigkeit-gegen-smog","14":"pa_origine-ostasien","15":"pa_periodo-fioritura-april-de","16":"pa_periodo-fioritura-mai-de","17":"pa_portamento-saulenformig","18":"pa_resistenza-climatica-sehr-hoch","19":"pa_resistenza-del-suolo-bestandig-gegen-kalkhaltige-boden","20":"pa_utilizzo-alleen","21":"pa_utilizzo-kleine-gaerten","22":"pa_utilizzo-parks-de","24":"first","25":"instock","26":"purchasable","27":"product-type-simple"},"acf":[],"_links":{"self":[{"href":"https:\/\/innocentiemangonipiante.it\/de\/wp-json\/wp\/v2\/product\/29651","targetHints":{"allow":["GET"]}}],"collection":[{"href":"https:\/\/innocentiemangonipiante.it\/de\/wp-json\/wp\/v2\/product"}],"about":[{"href":"https:\/\/innocentiemangonipiante.it\/de\/wp-json\/wp\/v2\/types\/product"}],"wp:featuredmedia":[{"embeddable":true,"href":"https:\/\/innocentiemangonipiante.it\/de\/wp-json\/wp\/v2\/media\/24066"}],"wp:attachment":[{"href":"https:\/\/innocentiemangonipiante.it\/de\/wp-json\/wp\/v2\/media?parent=29651"}],"wp:term":[{"taxonomy":"product_brand","embeddable":true,"href":"https:\/\/innocentiemangonipiante.it\/de\/wp-json\/wp\/v2\/product_brand?post=29651"},{"taxonomy":"product_cat","embeddable":true,"href":"https:\/\/innocentiemangonipiante.it\/de\/wp-json\/wp\/v2\/product_cat?post=29651"},{"taxonomy":"product_tag","embeddable":true,"href":"https:\/\/innocentiemangonipiante.it\/de\/wp-json\/wp\/v2\/product_tag?post=29651"}],"curies":[{"name":"wp","href":"https:\/\/api.w.org\/{rel}","templated":true}]}}