{"id":29674,"date":"2023-11-04T02:36:30","date_gmt":"2023-11-04T01:36:30","guid":{"rendered":"http:\/\/innocentiemangonipiante.it\/prunus-armeniaca-garden-aprigold\/"},"modified":"2023-11-06T19:43:10","modified_gmt":"2023-11-06T18:43:10","slug":"prunus-armeniaca-garden-aprigold","status":"publish","type":"product","link":"https:\/\/innocentiemangonipiante.it\/de\/prunus-armeniaca-garden-aprigold\/","title":{"rendered":"PRUNUS ARMENIACA &#8218;Garden aprigold&#8216;"},"content":{"rendered":"<p>Diese Zwergaprikosensorte hat einen kompakten, aber aufrechten Wuchs. Selbstfruchtbare blassrosa Bl\u00fcten erscheinen Mitte des Fr\u00fchlings und entwickeln sich zu orange-gelben Fr\u00fcchten, die im Mittel- bis Sp\u00e4tsommer geerntet werden k\u00f6nnen.<\/p>\n","protected":false},"excerpt":{"rendered":"<p>Diese Zwergaprikosensorte hat einen kompakten, aber aufrechten Wuchs. Selbstfruchtbare blassrosa Bl\u00fcten erscheinen Mitte des Fr\u00fchlings und entwickeln sich zu orange-gelben Fr\u00fcchten, die im Mittel- bis Sp\u00e4tsommer geerntet werden k\u00f6nnen.<\/p>\n","protected":false},"featured_media":0,"template":"","meta":{"_acf_changed":false},"product_brand":[],"product_cat":[8809],"product_tag":[10898,8736],"class_list":{"0":"post-29674","1":"product","2":"type-product","3":"status-publish","5":"product_cat-obst-baeume","6":"product_tag-naturlichen","7":"product_tag-fusstamm","8":"pa_altezza-massima-500-de","9":"pa_altezza-massima-800-de","10":"pa_arte-topiaria-verfuegbar-formgehoelze","11":"pa_colore-fioritura-rose-de","12":"pa_condizionamento-viereckigertops","13":"pa_famiglia-rosaceae-de","14":"pa_genere-prunus-armeniaca-de","15":"pa_origine-frankreich","16":"pa_periodo-fioritura-april-de","17":"pa_periodo-fruttificazione-august-de","18":"pa_periodo-fruttificazione-september-de","19":"pa_portamento-arrotondato-de","20":"pa_resistenza-climatica-mittel-hoch","21":"pa_resistenza-del-suolo-bestandig-gegen-kalkhaltige-boden","22":"pa_utilizzo-kleine-gaerten","24":"first","25":"instock","26":"purchasable","27":"product-type-simple"},"acf":[],"_links":{"self":[{"href":"https:\/\/innocentiemangonipiante.it\/de\/wp-json\/wp\/v2\/product\/29674","targetHints":{"allow":["GET"]}}],"collection":[{"href":"https:\/\/innocentiemangonipiante.it\/de\/wp-json\/wp\/v2\/product"}],"about":[{"href":"https:\/\/innocentiemangonipiante.it\/de\/wp-json\/wp\/v2\/types\/product"}],"wp:attachment":[{"href":"https:\/\/innocentiemangonipiante.it\/de\/wp-json\/wp\/v2\/media?parent=29674"}],"wp:term":[{"taxonomy":"product_brand","embeddable":true,"href":"https:\/\/innocentiemangonipiante.it\/de\/wp-json\/wp\/v2\/product_brand?post=29674"},{"taxonomy":"product_cat","embeddable":true,"href":"https:\/\/innocentiemangonipiante.it\/de\/wp-json\/wp\/v2\/product_cat?post=29674"},{"taxonomy":"product_tag","embeddable":true,"href":"https:\/\/innocentiemangonipiante.it\/de\/wp-json\/wp\/v2\/product_tag?post=29674"}],"curies":[{"name":"wp","href":"https:\/\/api.w.org\/{rel}","templated":true}]}}