{"id":29680,"date":"2023-11-04T02:36:59","date_gmt":"2023-11-04T01:36:59","guid":{"rendered":"http:\/\/innocentiemangonipiante.it\/prunus-armeniaca-precoce-cremonini\/"},"modified":"2023-11-06T19:43:22","modified_gmt":"2023-11-06T18:43:22","slug":"prunus-armeniaca-precoce-cremonini","status":"publish","type":"product","link":"https:\/\/innocentiemangonipiante.it\/de\/prunus-armeniaca-precoce-cremonini\/","title":{"rendered":"PRUNUS ARMENIACA &#8218;Precoce Cremonini&#8216;"},"content":{"rendered":"<p>Sehr ertragreicher Fr\u00fchbaum mit mittelgro\u00dfen, hellgelben Fr\u00fcchten. Die Fr\u00fchreife erfolgt Anfang Juni. Es bevorzugt warmes Klima, vertr\u00e4gt Trockenheit gut, hat aber Angst vor feuchten Gebieten.<\/p>\n","protected":false},"excerpt":{"rendered":"<p>Sehr ertragreicher Fr\u00fchbaum mit mittelgro\u00dfen, hellgelben Fr\u00fcchten. Die Fr\u00fchreife erfolgt Anfang Juni. Es bevorzugt warmes Klima, vertr\u00e4gt Trockenheit gut, hat aber Angst vor feuchten Gebieten.<\/p>\n","protected":false},"featured_media":0,"template":"","meta":{"_acf_changed":false},"product_brand":[],"product_cat":[8809],"product_tag":[10898],"class_list":{"0":"post-29680","1":"product","2":"type-product","3":"status-publish","5":"product_cat-obst-baeume","6":"product_tag-naturlichen","7":"pa_altezza-massima-500-de","8":"pa_altezza-massima-800-de","9":"pa_colore-fioritura-weis","10":"pa_famiglia-rosaceae-de","11":"pa_genere-prunus-armeniaca-de","12":"pa_origine-asien","13":"pa_periodo-fioritura-april-de","14":"pa_periodo-fioritura-maerz","15":"pa_periodo-fruttificazione-juni","16":"pa_portamento-arrotondato-de","17":"pa_resistenza-climatica-mittel-hoch","18":"pa_resistenza-del-suolo-bestandig-gegen-trockene-boden","19":"pa_utilizzo-kleine-gaerten","21":"first","22":"instock","23":"purchasable","24":"product-type-simple"},"acf":[],"_links":{"self":[{"href":"https:\/\/innocentiemangonipiante.it\/de\/wp-json\/wp\/v2\/product\/29680","targetHints":{"allow":["GET"]}}],"collection":[{"href":"https:\/\/innocentiemangonipiante.it\/de\/wp-json\/wp\/v2\/product"}],"about":[{"href":"https:\/\/innocentiemangonipiante.it\/de\/wp-json\/wp\/v2\/types\/product"}],"wp:attachment":[{"href":"https:\/\/innocentiemangonipiante.it\/de\/wp-json\/wp\/v2\/media?parent=29680"}],"wp:term":[{"taxonomy":"product_brand","embeddable":true,"href":"https:\/\/innocentiemangonipiante.it\/de\/wp-json\/wp\/v2\/product_brand?post=29680"},{"taxonomy":"product_cat","embeddable":true,"href":"https:\/\/innocentiemangonipiante.it\/de\/wp-json\/wp\/v2\/product_cat?post=29680"},{"taxonomy":"product_tag","embeddable":true,"href":"https:\/\/innocentiemangonipiante.it\/de\/wp-json\/wp\/v2\/product_tag?post=29680"}],"curies":[{"name":"wp","href":"https:\/\/api.w.org\/{rel}","templated":true}]}}