{"id":29713,"date":"2023-11-04T02:39:50","date_gmt":"2023-11-04T01:39:50","guid":{"rendered":"http:\/\/innocentiemangonipiante.it\/prunus-persica-amber\/"},"modified":"2023-11-06T19:45:11","modified_gmt":"2023-11-06T18:45:11","slug":"prunus-persica-amber","status":"publish","type":"product","link":"https:\/\/innocentiemangonipiante.it\/de\/prunus-persica-amber\/","title":{"rendered":"PRUNUS PERSICA &#8218;Amber&#8216;"},"content":{"rendered":"<p>Zwergsorte. Sie bl\u00fcht im M\u00e4rz und tr\u00e4gt im August Fr\u00fcchte.<\/p>\n","protected":false},"excerpt":{"rendered":"<p>Zwergsorte. Sie bl\u00fcht im M\u00e4rz und tr\u00e4gt im August Fr\u00fcchte.<\/p>\n","protected":false},"featured_media":0,"template":"","meta":{"_acf_changed":false},"product_brand":[],"product_cat":[8809],"product_tag":[10898],"class_list":{"0":"post-29713","1":"product","2":"type-product","3":"status-publish","5":"product_cat-obst-baeume","6":"product_tag-naturlichen","7":"pa_altezza-massima-100-de","8":"pa_altezza-massima-150-de","9":"pa_colore-fioritura-rose-de","10":"pa_famiglia-rosaceae-de","11":"pa_genere-prunus-persica-de","12":"pa_origine-frankreich","13":"pa_periodo-fioritura-maerz","14":"pa_periodo-fruttificazione-august-de","15":"pa_portamento-arrotondato-de","16":"pa_profumo-zart","17":"pa_resistenza-climatica-mittel-hoch","18":"pa_utilizzo-kleine-gaerten","20":"first","21":"instock","22":"purchasable","23":"product-type-simple"},"acf":[],"_links":{"self":[{"href":"https:\/\/innocentiemangonipiante.it\/de\/wp-json\/wp\/v2\/product\/29713","targetHints":{"allow":["GET"]}}],"collection":[{"href":"https:\/\/innocentiemangonipiante.it\/de\/wp-json\/wp\/v2\/product"}],"about":[{"href":"https:\/\/innocentiemangonipiante.it\/de\/wp-json\/wp\/v2\/types\/product"}],"wp:attachment":[{"href":"https:\/\/innocentiemangonipiante.it\/de\/wp-json\/wp\/v2\/media?parent=29713"}],"wp:term":[{"taxonomy":"product_brand","embeddable":true,"href":"https:\/\/innocentiemangonipiante.it\/de\/wp-json\/wp\/v2\/product_brand?post=29713"},{"taxonomy":"product_cat","embeddable":true,"href":"https:\/\/innocentiemangonipiante.it\/de\/wp-json\/wp\/v2\/product_cat?post=29713"},{"taxonomy":"product_tag","embeddable":true,"href":"https:\/\/innocentiemangonipiante.it\/de\/wp-json\/wp\/v2\/product_tag?post=29713"}],"curies":[{"name":"wp","href":"https:\/\/api.w.org\/{rel}","templated":true}]}}