{"id":29727,"date":"2023-11-04T02:40:51","date_gmt":"2023-11-04T01:40:51","guid":{"rendered":"http:\/\/innocentiemangonipiante.it\/prunus-persica-garden-beauty\/"},"modified":"2023-11-06T19:45:36","modified_gmt":"2023-11-06T18:45:36","slug":"prunus-persica-garden-beauty","status":"publish","type":"product","link":"https:\/\/innocentiemangonipiante.it\/de\/prunus-persica-garden-beauty\/","title":{"rendered":"PRUNUS PERSICA &#8218;Garden beauty&#8216;"},"content":{"rendered":"<p>Zwerglaubabwerfender Baum, aufrecht bis ausladend, mit schmal elliptischen, fein gez\u00e4hnten, mitteldunkelgr\u00fcnen Bl\u00e4ttern und dunkelrosa gef\u00fcllten Bl\u00fcten im Fr\u00fchjahr, aus denen gelbfleischige Fr\u00fcchte hervorgehen, die im Sp\u00e4tsommer zur Ernte bereit sind.<\/p>\n","protected":false},"excerpt":{"rendered":"<p>Zwerglaubabwerfender Baum, aufrecht bis ausladend, mit schmal elliptischen, fein gez\u00e4hnten, mitteldunkelgr\u00fcnen Bl\u00e4ttern und dunkelrosa gef\u00fcllten Bl\u00fcten im Fr\u00fchjahr, aus denen gelbfleischige Fr\u00fcchte hervorgehen, die im Sp\u00e4tsommer zur Ernte bereit sind.<\/p>\n","protected":false},"featured_media":59127,"template":"","meta":{"_acf_changed":false},"product_brand":[],"product_cat":[8809],"product_tag":[10898],"class_list":{"0":"post-29727","1":"product","2":"type-product","3":"status-publish","4":"has-post-thumbnail","6":"product_cat-obst-baeume","7":"product_tag-naturlichen","8":"pa_altezza-massima-100-de","9":"pa_altezza-massima-150-de","10":"pa_colore-fioritura-rose-de","11":"pa_famiglia-rosaceae-de","12":"pa_genere-prunus-persica-de","13":"pa_origine-u-s-a","14":"pa_periodo-fioritura-maerz","15":"pa_periodo-fruttificazione-august-de","16":"pa_periodo-fruttificazione-september-de","17":"pa_portamento-arrotondato-de","18":"pa_profumo-zart","19":"pa_resistenza-climatica-mittel-hoch","20":"pa_utilizzo-kleine-gaerten","22":"first","23":"instock","24":"purchasable","25":"product-type-simple"},"acf":[],"_links":{"self":[{"href":"https:\/\/innocentiemangonipiante.it\/de\/wp-json\/wp\/v2\/product\/29727","targetHints":{"allow":["GET"]}}],"collection":[{"href":"https:\/\/innocentiemangonipiante.it\/de\/wp-json\/wp\/v2\/product"}],"about":[{"href":"https:\/\/innocentiemangonipiante.it\/de\/wp-json\/wp\/v2\/types\/product"}],"wp:featuredmedia":[{"embeddable":true,"href":"https:\/\/innocentiemangonipiante.it\/de\/wp-json\/wp\/v2\/media\/59127"}],"wp:attachment":[{"href":"https:\/\/innocentiemangonipiante.it\/de\/wp-json\/wp\/v2\/media?parent=29727"}],"wp:term":[{"taxonomy":"product_brand","embeddable":true,"href":"https:\/\/innocentiemangonipiante.it\/de\/wp-json\/wp\/v2\/product_brand?post=29727"},{"taxonomy":"product_cat","embeddable":true,"href":"https:\/\/innocentiemangonipiante.it\/de\/wp-json\/wp\/v2\/product_cat?post=29727"},{"taxonomy":"product_tag","embeddable":true,"href":"https:\/\/innocentiemangonipiante.it\/de\/wp-json\/wp\/v2\/product_tag?post=29727"}],"curies":[{"name":"wp","href":"https:\/\/api.w.org\/{rel}","templated":true}]}}