{"id":29910,"date":"2023-11-04T02:42:10","date_gmt":"2023-11-04T01:42:10","guid":{"rendered":"http:\/\/innocentiemangonipiante.it\/prunus-persica-silver-prolific\/"},"modified":"2023-11-06T19:46:37","modified_gmt":"2023-11-06T18:46:37","slug":"prunus-persica-silver-prolific","status":"publish","type":"product","link":"https:\/\/innocentiemangonipiante.it\/de\/prunus-persica-silver-prolific\/","title":{"rendered":"PRUNUS PERSICA &#8218;Silver Prolific&#8216;"},"content":{"rendered":"<p>Eine zwergw\u00fcchsige Sorte des Nektarinenbaums mit einer sch\u00f6nen Fr\u00fchjahrsbl\u00fcte und wohl schmeckenden Fr\u00fcchten.<\/p>\n","protected":false},"excerpt":{"rendered":"<p>Eine zwergw\u00fcchsige Sorte des Nektarinenbaums mit einer sch\u00f6nen Fr\u00fchjahrsbl\u00fcte und wohl schmeckenden Fr\u00fcchten.<\/p>\n","protected":false},"featured_media":59212,"template":"","meta":{"_acf_changed":false},"product_brand":[],"product_cat":[8809],"product_tag":[10898,8736],"class_list":{"0":"post-29910","1":"product","2":"type-product","3":"status-publish","4":"has-post-thumbnail","6":"product_cat-obst-baeume","7":"product_tag-naturlichen","8":"product_tag-fusstamm","9":"pa_altezza-massima-200-de","10":"pa_altezza-massima-400-de","11":"pa_arte-topiaria-verfuegbar-formgehoelze","12":"pa_colore-fioritura-rose-de","13":"pa_condizionamento-viereckigertops","14":"pa_famiglia-rosaceae-de","15":"pa_genere-prunus-persica-de","16":"pa_origine-u-s-a","17":"pa_periodo-fioritura-april-de","18":"pa_periodo-fioritura-maerz","19":"pa_periodo-fruttificazione-august-de","20":"pa_periodo-fruttificazione-september-de","21":"pa_portamento-arrotondato-de","22":"pa_profumo-zart","23":"pa_resistenza-climatica-mittel-hoch","24":"pa_utilizzo-kleine-gaerten","26":"first","27":"instock","28":"purchasable","29":"product-type-simple"},"acf":[],"_links":{"self":[{"href":"https:\/\/innocentiemangonipiante.it\/de\/wp-json\/wp\/v2\/product\/29910","targetHints":{"allow":["GET"]}}],"collection":[{"href":"https:\/\/innocentiemangonipiante.it\/de\/wp-json\/wp\/v2\/product"}],"about":[{"href":"https:\/\/innocentiemangonipiante.it\/de\/wp-json\/wp\/v2\/types\/product"}],"wp:featuredmedia":[{"embeddable":true,"href":"https:\/\/innocentiemangonipiante.it\/de\/wp-json\/wp\/v2\/media\/59212"}],"wp:attachment":[{"href":"https:\/\/innocentiemangonipiante.it\/de\/wp-json\/wp\/v2\/media?parent=29910"}],"wp:term":[{"taxonomy":"product_brand","embeddable":true,"href":"https:\/\/innocentiemangonipiante.it\/de\/wp-json\/wp\/v2\/product_brand?post=29910"},{"taxonomy":"product_cat","embeddable":true,"href":"https:\/\/innocentiemangonipiante.it\/de\/wp-json\/wp\/v2\/product_cat?post=29910"},{"taxonomy":"product_tag","embeddable":true,"href":"https:\/\/innocentiemangonipiante.it\/de\/wp-json\/wp\/v2\/product_tag?post=29910"}],"curies":[{"name":"wp","href":"https:\/\/api.w.org\/{rel}","templated":true}]}}