{"id":29922,"date":"2023-11-04T02:43:17","date_gmt":"2023-11-04T01:43:17","guid":{"rendered":"http:\/\/innocentiemangonipiante.it\/prunus-sativa-mirabelle-de-nancy\/"},"modified":"2023-11-06T19:47:03","modified_gmt":"2023-11-06T18:47:03","slug":"prunus-sativa-mirabelle-de-nancy","status":"publish","type":"product","link":"https:\/\/innocentiemangonipiante.it\/de\/prunus-sativa-mirabelle-de-nancy\/","title":{"rendered":"PRUNUS SATIVA &#8218;Mirabelle de Nancy&#8216;"},"content":{"rendered":"<p>Kleine gelb-orange Fr\u00fcchte, saftige, s\u00fc\u00dfe und parf\u00fcmierte Fruchtfleisch.<\/p>\n","protected":false},"excerpt":{"rendered":"<p>Kleine gelb-orange Fr\u00fcchte, saftige, s\u00fc\u00dfe und parf\u00fcmierte Fruchtfleisch.<\/p>\n","protected":false},"featured_media":24291,"template":"","meta":{"_acf_changed":false},"product_brand":[],"product_cat":[8809],"product_tag":[10898,8736,8565],"class_list":{"0":"post-29922","1":"product","2":"type-product","3":"status-publish","4":"has-post-thumbnail","6":"product_cat-obst-baeume","7":"product_tag-naturlichen","8":"product_tag-fusstamm","9":"product_tag-halbstamm","10":"pa_altezza-massima-800-de","11":"pa_altezza-massima-1000-de-2","12":"pa_arte-topiaria-verfuegbar-formgehoelze","13":"pa_colore-fioritura-weis","14":"pa_condizionamento-clt-de","15":"pa_famiglia-rosaceae-de","16":"pa_genere-prunus-sativa-de","17":"pa_origine-frankreich","18":"pa_periodo-fioritura-april-de","19":"pa_periodo-fioritura-maerz","20":"pa_periodo-fruttificazione-august-de","21":"pa_periodo-fruttificazione-september-de","22":"pa_portamento-arrotondato-de","23":"pa_resistenza-climatica-sehr-hoch","24":"pa_resistenza-del-suolo-bestandig-gegen-kalkhaltige-boden","25":"pa_utilizzo-kleine-gaerten","27":"first","28":"instock","29":"purchasable","30":"product-type-simple"},"acf":[],"_links":{"self":[{"href":"https:\/\/innocentiemangonipiante.it\/de\/wp-json\/wp\/v2\/product\/29922","targetHints":{"allow":["GET"]}}],"collection":[{"href":"https:\/\/innocentiemangonipiante.it\/de\/wp-json\/wp\/v2\/product"}],"about":[{"href":"https:\/\/innocentiemangonipiante.it\/de\/wp-json\/wp\/v2\/types\/product"}],"wp:featuredmedia":[{"embeddable":true,"href":"https:\/\/innocentiemangonipiante.it\/de\/wp-json\/wp\/v2\/media\/24291"}],"wp:attachment":[{"href":"https:\/\/innocentiemangonipiante.it\/de\/wp-json\/wp\/v2\/media?parent=29922"}],"wp:term":[{"taxonomy":"product_brand","embeddable":true,"href":"https:\/\/innocentiemangonipiante.it\/de\/wp-json\/wp\/v2\/product_brand?post=29922"},{"taxonomy":"product_cat","embeddable":true,"href":"https:\/\/innocentiemangonipiante.it\/de\/wp-json\/wp\/v2\/product_cat?post=29922"},{"taxonomy":"product_tag","embeddable":true,"href":"https:\/\/innocentiemangonipiante.it\/de\/wp-json\/wp\/v2\/product_tag?post=29922"}],"curies":[{"name":"wp","href":"https:\/\/api.w.org\/{rel}","templated":true}]}}