{"id":29928,"date":"2023-11-04T02:43:51","date_gmt":"2023-11-04T01:43:51","guid":{"rendered":"http:\/\/innocentiemangonipiante.it\/prunus-sativa-reine-claude-doullins\/"},"modified":"2023-11-06T19:47:17","modified_gmt":"2023-11-06T18:47:17","slug":"prunus-sativa-reine-claude-doullins","status":"publish","type":"product","link":"https:\/\/innocentiemangonipiante.it\/de\/prunus-sativa-reine-claude-doullins\/","title":{"rendered":"PRUNUS SATIVA &#8218;Reine Claude d&#8217;Oullins&#8216;"},"content":{"rendered":"<p>Selbst fruchtbar. Seine Fr\u00fcchte, gelb, wenn reift, rund und Mittelgro\u00df, gr\u00fcnlich gelbe Fruchtfleisch, sehr saftig und s\u00fc\u00df. Reifung Anfang August.<\/p>\n","protected":false},"excerpt":{"rendered":"<p>Selbst fruchtbar. Seine Fr\u00fcchte, gelb, wenn reift, rund und Mittelgro\u00df, gr\u00fcnlich gelbe Fruchtfleisch, sehr saftig und s\u00fc\u00df. Reifung Anfang August.<\/p>\n","protected":false},"featured_media":24301,"template":"","meta":{"_acf_changed":false},"product_brand":[],"product_cat":[8809],"product_tag":[10898,8736,8565,8751],"class_list":{"0":"post-29928","1":"product","2":"type-product","3":"status-publish","4":"has-post-thumbnail","6":"product_cat-obst-baeume","7":"product_tag-naturlichen","8":"product_tag-fusstamm","9":"product_tag-halbstamm","10":"product_tag-spalier","11":"pa_altezza-massima-800-de","12":"pa_altezza-massima-1000-de-2","13":"pa_arte-topiaria-verfuegbar-formgehoelze","14":"pa_colore-fioritura-weis","15":"pa_condizionamento-clt-de","16":"pa_famiglia-rosaceae-de","17":"pa_genere-prunus-sativa-de","18":"pa_origine-frankreich","19":"pa_periodo-fioritura-april-de","20":"pa_periodo-fioritura-maerz","21":"pa_periodo-fruttificazione-august-de","22":"pa_portamento-arrotondato-de","23":"pa_resistenza-climatica-sehr-hoch","24":"pa_resistenza-del-suolo-bestandig-gegen-kalkhaltige-boden","25":"pa_utilizzo-kleine-gaerten","27":"first","28":"instock","29":"purchasable","30":"product-type-simple"},"acf":[],"_links":{"self":[{"href":"https:\/\/innocentiemangonipiante.it\/de\/wp-json\/wp\/v2\/product\/29928","targetHints":{"allow":["GET"]}}],"collection":[{"href":"https:\/\/innocentiemangonipiante.it\/de\/wp-json\/wp\/v2\/product"}],"about":[{"href":"https:\/\/innocentiemangonipiante.it\/de\/wp-json\/wp\/v2\/types\/product"}],"wp:featuredmedia":[{"embeddable":true,"href":"https:\/\/innocentiemangonipiante.it\/de\/wp-json\/wp\/v2\/media\/24301"}],"wp:attachment":[{"href":"https:\/\/innocentiemangonipiante.it\/de\/wp-json\/wp\/v2\/media?parent=29928"}],"wp:term":[{"taxonomy":"product_brand","embeddable":true,"href":"https:\/\/innocentiemangonipiante.it\/de\/wp-json\/wp\/v2\/product_brand?post=29928"},{"taxonomy":"product_cat","embeddable":true,"href":"https:\/\/innocentiemangonipiante.it\/de\/wp-json\/wp\/v2\/product_cat?post=29928"},{"taxonomy":"product_tag","embeddable":true,"href":"https:\/\/innocentiemangonipiante.it\/de\/wp-json\/wp\/v2\/product_tag?post=29928"}],"curies":[{"name":"wp","href":"https:\/\/api.w.org\/{rel}","templated":true}]}}