{"id":29939,"date":"2023-11-04T02:44:44","date_gmt":"2023-11-04T01:44:44","guid":{"rendered":"http:\/\/innocentiemangonipiante.it\/prunus-sativa-stanley\/"},"modified":"2023-11-06T19:48:04","modified_gmt":"2023-11-06T18:48:04","slug":"prunus-sativa-stanley","status":"publish","type":"product","link":"https:\/\/innocentiemangonipiante.it\/de\/prunus-sativa-stanley\/","title":{"rendered":"PRUNUS SATIVA &#8218;Stanley&#8216;"},"content":{"rendered":"<p>Eif\u00f6rmige Frucht, gro\u00df, lila schalige gr\u00fcnliche Fruchtfleisch, s\u00fc\u00df und saftig. Reift Anfang September.<\/p>\n","protected":false},"excerpt":{"rendered":"<p>Eif\u00f6rmige Frucht, gro\u00df, lila schalige gr\u00fcnliche Fruchtfleisch, s\u00fc\u00df und saftig. Reift Anfang September.<\/p>\n","protected":false},"featured_media":59288,"template":"","meta":{"_acf_changed":false},"product_brand":[],"product_cat":[8809],"product_tag":[10898,8736,8565,8401,8751],"class_list":{"0":"post-29939","1":"product","2":"type-product","3":"status-publish","4":"has-post-thumbnail","6":"product_cat-obst-baeume","7":"product_tag-naturlichen","8":"product_tag-fusstamm","9":"product_tag-halbstamm","10":"product_tag-hochstamm","11":"product_tag-spalier","12":"pa_altezza-massima-800-de","13":"pa_altezza-massima-1000-de-2","14":"pa_arte-topiaria-verfuegbar-formgehoelze","15":"pa_colore-fioritura-weis","16":"pa_condizionamento-clt-de","17":"pa_famiglia-rosaceae-de","18":"pa_genere-prunus-sativa-de","19":"pa_origine-u-s-a","20":"pa_periodo-fioritura-april-de","21":"pa_periodo-fioritura-mai-de","22":"pa_periodo-fruttificazione-september-de","23":"pa_portamento-arrotondato-de","24":"pa_resistenza-climatica-sehr-hoch","25":"pa_resistenza-del-suolo-bestandig-gegen-kalkhaltige-boden","26":"pa_utilizzo-kleine-gaerten","28":"first","29":"instock","30":"purchasable","31":"product-type-simple"},"acf":[],"_links":{"self":[{"href":"https:\/\/innocentiemangonipiante.it\/de\/wp-json\/wp\/v2\/product\/29939","targetHints":{"allow":["GET"]}}],"collection":[{"href":"https:\/\/innocentiemangonipiante.it\/de\/wp-json\/wp\/v2\/product"}],"about":[{"href":"https:\/\/innocentiemangonipiante.it\/de\/wp-json\/wp\/v2\/types\/product"}],"wp:featuredmedia":[{"embeddable":true,"href":"https:\/\/innocentiemangonipiante.it\/de\/wp-json\/wp\/v2\/media\/59288"}],"wp:attachment":[{"href":"https:\/\/innocentiemangonipiante.it\/de\/wp-json\/wp\/v2\/media?parent=29939"}],"wp:term":[{"taxonomy":"product_brand","embeddable":true,"href":"https:\/\/innocentiemangonipiante.it\/de\/wp-json\/wp\/v2\/product_brand?post=29939"},{"taxonomy":"product_cat","embeddable":true,"href":"https:\/\/innocentiemangonipiante.it\/de\/wp-json\/wp\/v2\/product_cat?post=29939"},{"taxonomy":"product_tag","embeddable":true,"href":"https:\/\/innocentiemangonipiante.it\/de\/wp-json\/wp\/v2\/product_tag?post=29939"}],"curies":[{"name":"wp","href":"https:\/\/api.w.org\/{rel}","templated":true}]}}