{"id":29941,"date":"2023-11-04T02:45:03","date_gmt":"2023-11-04T01:45:03","guid":{"rendered":"http:\/\/innocentiemangonipiante.it\/pseudocydonia-sinensis\/"},"modified":"2023-11-06T19:48:13","modified_gmt":"2023-11-06T18:48:13","slug":"pseudocydonia-sinensis","status":"publish","type":"product","link":"https:\/\/innocentiemangonipiante.it\/de\/pseudocydonia-sinensis\/","title":{"rendered":"PSEUDOCYDONIA sinensis"},"content":{"rendered":"<p>L\u00e4ngliche bis zu 10 cm lange Bl\u00e4tter. Im Fr\u00fchjahr erbl\u00fchen wei\u00dfe Bl\u00fcten, die gro\u00dfe rundliche, gelbe e\u00dfbare Fr\u00fcchte hervorbringen.<\/p>\n","protected":false},"excerpt":{"rendered":"<p>L\u00e4ngliche bis zu 10 cm lange Bl\u00e4tter. Im Fr\u00fchjahr erbl\u00fchen wei\u00dfe Bl\u00fcten, die gro\u00dfe rundliche, gelbe e\u00dfbare Fr\u00fcchte hervorbringen.<\/p>\n","protected":false},"featured_media":24319,"template":"","meta":{"_acf_changed":false},"product_brand":[],"product_cat":[8318],"product_tag":[10898],"class_list":{"0":"post-29941","1":"product","2":"type-product","3":"status-publish","4":"has-post-thumbnail","6":"product_cat-keine-kategorie","7":"product_tag-naturlichen","8":"pa_altezza-massima-500-de","9":"pa_altezza-massima-800-de","10":"pa_colore-fioritura-rose-de","11":"pa_famiglia-rosaceae-de","12":"pa_genere-pseudocydonia-de","13":"pa_origine-china-de","14":"pa_periodo-fioritura-april-de","15":"pa_periodo-fruttificazione-oktober","16":"pa_portamento-arrotondato-de","17":"pa_profumo-intensiv","18":"pa_resistenza-climatica-pflanzen-mit-geringem-klimawiderstand","19":"pa_resistenza-del-suolo-bestandig-gegen-trockene-boden","20":"pa_utilizzo-kleine-gaerten","22":"first","23":"instock","24":"purchasable","25":"product-type-simple"},"acf":[],"_links":{"self":[{"href":"https:\/\/innocentiemangonipiante.it\/de\/wp-json\/wp\/v2\/product\/29941","targetHints":{"allow":["GET"]}}],"collection":[{"href":"https:\/\/innocentiemangonipiante.it\/de\/wp-json\/wp\/v2\/product"}],"about":[{"href":"https:\/\/innocentiemangonipiante.it\/de\/wp-json\/wp\/v2\/types\/product"}],"wp:featuredmedia":[{"embeddable":true,"href":"https:\/\/innocentiemangonipiante.it\/de\/wp-json\/wp\/v2\/media\/24319"}],"wp:attachment":[{"href":"https:\/\/innocentiemangonipiante.it\/de\/wp-json\/wp\/v2\/media?parent=29941"}],"wp:term":[{"taxonomy":"product_brand","embeddable":true,"href":"https:\/\/innocentiemangonipiante.it\/de\/wp-json\/wp\/v2\/product_brand?post=29941"},{"taxonomy":"product_cat","embeddable":true,"href":"https:\/\/innocentiemangonipiante.it\/de\/wp-json\/wp\/v2\/product_cat?post=29941"},{"taxonomy":"product_tag","embeddable":true,"href":"https:\/\/innocentiemangonipiante.it\/de\/wp-json\/wp\/v2\/product_tag?post=29941"}],"curies":[{"name":"wp","href":"https:\/\/api.w.org\/{rel}","templated":true}]}}