{"id":29972,"date":"2023-11-04T02:48:03","date_gmt":"2023-11-04T01:48:03","guid":{"rendered":"http:\/\/innocentiemangonipiante.it\/pyrus-communis-beurre-hardy\/"},"modified":"2023-11-06T19:50:06","modified_gmt":"2023-11-06T18:50:06","slug":"pyrus-communis-beurre-hardy","status":"publish","type":"product","link":"https:\/\/innocentiemangonipiante.it\/de\/pyrus-communis-beurre-hardy\/","title":{"rendered":"PYRUS COMMUNIS &#8218;Beurre Hardy&#8216;"},"content":{"rendered":"<p>Mittelgro\u00dfe Fr\u00fcchte, sch\u00e4len gelb-gr\u00fcne Farbe mit Rostflecken. Sehr saftig.<\/p>\n","protected":false},"excerpt":{"rendered":"<p>Mittelgro\u00dfe Fr\u00fcchte, sch\u00e4len gelb-gr\u00fcne Farbe mit Rostflecken. Sehr saftig.<\/p>\n","protected":false},"featured_media":24349,"template":"","meta":{"_acf_changed":false},"product_brand":[],"product_cat":[8809],"product_tag":[10898,8736,8565,8751],"class_list":{"0":"post-29972","1":"product","2":"type-product","3":"status-publish","4":"has-post-thumbnail","6":"product_cat-obst-baeume","7":"product_tag-naturlichen","8":"product_tag-fusstamm","9":"product_tag-halbstamm","10":"product_tag-spalier","11":"pa_altezza-massima-1000-de-2","12":"pa_altezza-massima-15-meter","13":"pa_arte-topiaria-verfuegbar-formgehoelze","14":"pa_colore-fioritura-weis","15":"pa_condizionamento-clt-de","16":"pa_famiglia-rosaceae-de","17":"pa_genere-pyrus-communis-de","18":"pa_origine-frankreich","19":"pa_periodo-fioritura-april-de","20":"pa_periodo-fruttificazione-september-de","21":"pa_portamento-arrotondato-de","22":"pa_resistenza-climatica-sehr-hoch","23":"pa_resistenza-del-suolo-bestandig-gegen-kalkhaltige-boden","24":"pa_utilizzo-kleine-gaerten","26":"first","27":"instock","28":"purchasable","29":"product-type-simple"},"acf":[],"_links":{"self":[{"href":"https:\/\/innocentiemangonipiante.it\/de\/wp-json\/wp\/v2\/product\/29972","targetHints":{"allow":["GET"]}}],"collection":[{"href":"https:\/\/innocentiemangonipiante.it\/de\/wp-json\/wp\/v2\/product"}],"about":[{"href":"https:\/\/innocentiemangonipiante.it\/de\/wp-json\/wp\/v2\/types\/product"}],"wp:featuredmedia":[{"embeddable":true,"href":"https:\/\/innocentiemangonipiante.it\/de\/wp-json\/wp\/v2\/media\/24349"}],"wp:attachment":[{"href":"https:\/\/innocentiemangonipiante.it\/de\/wp-json\/wp\/v2\/media?parent=29972"}],"wp:term":[{"taxonomy":"product_brand","embeddable":true,"href":"https:\/\/innocentiemangonipiante.it\/de\/wp-json\/wp\/v2\/product_brand?post=29972"},{"taxonomy":"product_cat","embeddable":true,"href":"https:\/\/innocentiemangonipiante.it\/de\/wp-json\/wp\/v2\/product_cat?post=29972"},{"taxonomy":"product_tag","embeddable":true,"href":"https:\/\/innocentiemangonipiante.it\/de\/wp-json\/wp\/v2\/product_tag?post=29972"}],"curies":[{"name":"wp","href":"https:\/\/api.w.org\/{rel}","templated":true}]}}