{"id":29988,"date":"2023-11-04T02:49:54","date_gmt":"2023-11-04T01:49:54","guid":{"rendered":"http:\/\/innocentiemangonipiante.it\/quercus-alba-2\/"},"modified":"2023-11-08T13:00:19","modified_gmt":"2023-11-08T12:00:19","slug":"quercus-alba","status":"publish","type":"product","link":"https:\/\/innocentiemangonipiante.it\/de\/quercus-alba\/","title":{"rendered":"QUERCUS alba"},"content":{"rendered":"<p>Grosser sommergr\u00fcner Baum mit breitem, rundlichem Wuchs, etwas mehr aufrechter wenn die Pflanze jung ist. Die Rinde ist weiss-hellgraufarbig. Die 5-bis 9-lappigen Bl\u00e4tter konnen bis 15cm lang werden. Die neuen Bl\u00e4tter sind grau-gr\u00fcn, im Sommer blau-gr\u00fcn und im Herbst purpur-rotfarben.<\/p>\n","protected":false},"excerpt":{"rendered":"<p>Grosser sommergr\u00fcner Baum mit breitem, rundlichem Wuchs, etwas mehr aufrechter wenn die Pflanze jung ist. Die Rinde ist weiss-hellgraufarbig. Die 5-bis 9-lappigen Bl\u00e4tter konnen bis 15cm lang werden. Die neuen Bl\u00e4tter sind grau-gr\u00fcn, im Sommer blau-gr\u00fcn und im Herbst purpur-rotfarben.<\/p>\n","protected":false},"featured_media":24400,"template":"","meta":{"_acf_changed":false},"product_brand":[],"product_cat":[8813],"product_tag":[10898,8401],"class_list":{"0":"post-29988","1":"product","2":"type-product","3":"status-publish","4":"has-post-thumbnail","6":"product_cat-laubbaume-und-straucher","7":"product_tag-naturlichen","8":"product_tag-hochstamm","9":"pa_altezza-massima-20-meter","10":"pa_altezza-massima-30-meter","11":"pa_colore-fioritura-gelbe","12":"pa_condizionamento-m-de","13":"pa_famiglia-fagaceae-de-2","14":"pa_genere-quercus-de","15":"pa_origine-u-s-a","16":"pa_periodo-fioritura-mai-de","17":"pa_portamento-arrotondato-de","18":"pa_resistenza-climatica-sehr-hoch","19":"pa_resistenza-del-suolo-bestandig-gegen-kalkhaltige-boden","20":"pa_resistenza-del-suolo-bestandig-gegen-trockene-boden","21":"pa_utilizzo-parks-de","23":"first","24":"instock","25":"purchasable","26":"product-type-simple"},"acf":[],"_links":{"self":[{"href":"https:\/\/innocentiemangonipiante.it\/de\/wp-json\/wp\/v2\/product\/29988","targetHints":{"allow":["GET"]}}],"collection":[{"href":"https:\/\/innocentiemangonipiante.it\/de\/wp-json\/wp\/v2\/product"}],"about":[{"href":"https:\/\/innocentiemangonipiante.it\/de\/wp-json\/wp\/v2\/types\/product"}],"wp:featuredmedia":[{"embeddable":true,"href":"https:\/\/innocentiemangonipiante.it\/de\/wp-json\/wp\/v2\/media\/24400"}],"wp:attachment":[{"href":"https:\/\/innocentiemangonipiante.it\/de\/wp-json\/wp\/v2\/media?parent=29988"}],"wp:term":[{"taxonomy":"product_brand","embeddable":true,"href":"https:\/\/innocentiemangonipiante.it\/de\/wp-json\/wp\/v2\/product_brand?post=29988"},{"taxonomy":"product_cat","embeddable":true,"href":"https:\/\/innocentiemangonipiante.it\/de\/wp-json\/wp\/v2\/product_cat?post=29988"},{"taxonomy":"product_tag","embeddable":true,"href":"https:\/\/innocentiemangonipiante.it\/de\/wp-json\/wp\/v2\/product_tag?post=29988"}],"curies":[{"name":"wp","href":"https:\/\/api.w.org\/{rel}","templated":true}]}}