{"id":29989,"date":"2023-11-04T02:50:09","date_gmt":"2023-11-04T01:50:09","guid":{"rendered":"http:\/\/innocentiemangonipiante.it\/quercus-castaneifolia-2\/"},"modified":"2023-11-08T13:00:24","modified_gmt":"2023-11-08T12:00:24","slug":"quercus-castaneifolia","status":"publish","type":"product","link":"https:\/\/innocentiemangonipiante.it\/de\/quercus-castaneifolia\/","title":{"rendered":"QUERCUS castaneifolia"},"content":{"rendered":"<p>Sommergr\u00fcner, schnellwachsender Baum mit breit-rundlichem Habitus, starkes und aufrechtes Astwerk. Wechselst\u00e4ndige, elliptische, l\u00e4ngliche bis lanzettliche 7-15 Cm lange dunkelgr\u00fcne Bl\u00e4tter. Grosse rundliche 2 Cm breite Fr\u00fcchte.<\/p>\n","protected":false},"excerpt":{"rendered":"<p>Sommergr\u00fcner, schnellwachsender Baum mit breit-rundlichem Habitus, starkes und aufrechtes Astwerk. Wechselst\u00e4ndige, elliptische, l\u00e4ngliche bis lanzettliche 7-15 Cm lange dunkelgr\u00fcne Bl\u00e4tter. Grosse rundliche 2 Cm breite Fr\u00fcchte.<\/p>\n","protected":false},"featured_media":24411,"template":"","meta":{"_acf_changed":false},"product_brand":[],"product_cat":[8813],"product_tag":[10898,8401],"class_list":{"0":"post-29989","1":"product","2":"type-product","3":"status-publish","4":"has-post-thumbnail","6":"product_cat-laubbaume-und-straucher","7":"product_tag-naturlichen","8":"product_tag-hochstamm","9":"pa_altezza-massima-20-meter","10":"pa_altezza-massima-25-meter","11":"pa_condizionamento-clt-de","12":"pa_condizionamento-m-de","13":"pa_famiglia-fagaceae-de-2","14":"pa_genere-quercus-de","15":"pa_origine-nahen-osten","16":"pa_portamento-arrotondato-de","17":"pa_resistenza-climatica-sehr-hoch","18":"pa_resistenza-del-suolo-bestandig-gegen-kalkhaltige-boden","19":"pa_resistenza-del-suolo-bestandig-gegen-trockene-boden","20":"pa_utilizzo-parks-de","22":"first","23":"instock","24":"purchasable","25":"product-type-simple"},"acf":[],"_links":{"self":[{"href":"https:\/\/innocentiemangonipiante.it\/de\/wp-json\/wp\/v2\/product\/29989","targetHints":{"allow":["GET"]}}],"collection":[{"href":"https:\/\/innocentiemangonipiante.it\/de\/wp-json\/wp\/v2\/product"}],"about":[{"href":"https:\/\/innocentiemangonipiante.it\/de\/wp-json\/wp\/v2\/types\/product"}],"wp:featuredmedia":[{"embeddable":true,"href":"https:\/\/innocentiemangonipiante.it\/de\/wp-json\/wp\/v2\/media\/24411"}],"wp:attachment":[{"href":"https:\/\/innocentiemangonipiante.it\/de\/wp-json\/wp\/v2\/media?parent=29989"}],"wp:term":[{"taxonomy":"product_brand","embeddable":true,"href":"https:\/\/innocentiemangonipiante.it\/de\/wp-json\/wp\/v2\/product_brand?post=29989"},{"taxonomy":"product_cat","embeddable":true,"href":"https:\/\/innocentiemangonipiante.it\/de\/wp-json\/wp\/v2\/product_cat?post=29989"},{"taxonomy":"product_tag","embeddable":true,"href":"https:\/\/innocentiemangonipiante.it\/de\/wp-json\/wp\/v2\/product_tag?post=29989"}],"curies":[{"name":"wp","href":"https:\/\/api.w.org\/{rel}","templated":true}]}}