{"id":29991,"date":"2023-11-04T02:50:57","date_gmt":"2023-11-04T01:50:57","guid":{"rendered":"http:\/\/innocentiemangonipiante.it\/quercus-glauca-2\/"},"modified":"2023-11-08T13:00:43","modified_gmt":"2023-11-08T12:00:43","slug":"quercus-glauca","status":"publish","type":"product","link":"https:\/\/innocentiemangonipiante.it\/de\/quercus-glauca\/","title":{"rendered":"QUERCUS glauca"},"content":{"rendered":"<p>Es ist ein immergr\u00fcner vertikaler-oval Baum, dann gerundeter. Die Bl\u00e4tter sind oval bis elliptisch und sind gl\u00e4nzend dunkelgr\u00fcn und blaugr\u00fcn grau-gr\u00fcn unten. Die Bl\u00e4tter sind in der N\u00e4he der Spitze gez\u00e4hnt. Neue Bl\u00e4tter entstehen mit Bronze Farbreflexe.<\/p>\n","protected":false},"excerpt":{"rendered":"<p>Es ist ein immergr\u00fcner vertikaler-oval Baum, dann gerundeter. Die Bl\u00e4tter sind oval bis elliptisch und sind gl\u00e4nzend dunkelgr\u00fcn und blaugr\u00fcn grau-gr\u00fcn unten. Die Bl\u00e4tter sind in der N\u00e4he der Spitze gez\u00e4hnt. Neue Bl\u00e4tter entstehen mit Bronze Farbreflexe.<\/p>\n","protected":false},"featured_media":24428,"template":"","meta":{"_acf_changed":false},"product_brand":[],"product_cat":[8813],"product_tag":[10898],"class_list":{"0":"post-29991","1":"product","2":"type-product","3":"status-publish","4":"has-post-thumbnail","6":"product_cat-laubbaume-und-straucher","7":"product_tag-naturlichen","8":"pa_altezza-massima-15-meter","9":"pa_altezza-massima-20-meter","10":"pa_condizionamento-m-de","11":"pa_famiglia-fagaceae-de-2","12":"pa_genere-quercus-de","13":"pa_origine-asien","14":"pa_portamento-arrotondato-de","15":"pa_resistenza-climatica-sehr-hoch","16":"pa_resistenza-del-suolo-bestandig-gegen-kalkhaltige-boden","17":"pa_resistenza-del-suolo-bestandig-gegen-trockene-boden","18":"pa_resistenza-del-suolo-bestandigkeit-auf-feuchten-boden","19":"pa_utilizzo-alleen","20":"pa_utilizzo-parks-de","22":"first","23":"instock","24":"purchasable","25":"product-type-simple"},"acf":[],"_links":{"self":[{"href":"https:\/\/innocentiemangonipiante.it\/de\/wp-json\/wp\/v2\/product\/29991","targetHints":{"allow":["GET"]}}],"collection":[{"href":"https:\/\/innocentiemangonipiante.it\/de\/wp-json\/wp\/v2\/product"}],"about":[{"href":"https:\/\/innocentiemangonipiante.it\/de\/wp-json\/wp\/v2\/types\/product"}],"wp:featuredmedia":[{"embeddable":true,"href":"https:\/\/innocentiemangonipiante.it\/de\/wp-json\/wp\/v2\/media\/24428"}],"wp:attachment":[{"href":"https:\/\/innocentiemangonipiante.it\/de\/wp-json\/wp\/v2\/media?parent=29991"}],"wp:term":[{"taxonomy":"product_brand","embeddable":true,"href":"https:\/\/innocentiemangonipiante.it\/de\/wp-json\/wp\/v2\/product_brand?post=29991"},{"taxonomy":"product_cat","embeddable":true,"href":"https:\/\/innocentiemangonipiante.it\/de\/wp-json\/wp\/v2\/product_cat?post=29991"},{"taxonomy":"product_tag","embeddable":true,"href":"https:\/\/innocentiemangonipiante.it\/de\/wp-json\/wp\/v2\/product_tag?post=29991"}],"curies":[{"name":"wp","href":"https:\/\/api.w.org\/{rel}","templated":true}]}}