{"id":29996,"date":"2023-11-04T02:52:11","date_gmt":"2023-11-04T01:52:11","guid":{"rendered":"http:\/\/innocentiemangonipiante.it\/quercus-myrsinifolia\/"},"modified":"2023-11-08T13:01:58","modified_gmt":"2023-11-08T12:01:58","slug":"quercus-myrsinifolia","status":"publish","type":"product","link":"https:\/\/innocentiemangonipiante.it\/de\/quercus-myrsinifolia\/","title":{"rendered":"QUERCUS myrsinifolia"},"content":{"rendered":"<p>Immergr\u00fcner Strauch oder Baum, mit rundlichem Wuchs und glatte dunkelgraue Rinde. Lanzettf\u00f6rmige, leicht gez\u00e4hnte, dunkelgr\u00fcne, gl\u00e4nzende bis 12 cm langen Bl\u00e4tter. Junge Triebe rot-bronzefarbig.<\/p>\n","protected":false},"excerpt":{"rendered":"<p>Immergr\u00fcner Strauch oder Baum, mit rundlichem Wuchs und glatte dunkelgraue Rinde. Lanzettf\u00f6rmige, leicht gez\u00e4hnte, dunkelgr\u00fcne, gl\u00e4nzende bis 12 cm langen Bl\u00e4tter. Junge Triebe rot-bronzefarbig.<\/p>\n","protected":false},"featured_media":24458,"template":"","meta":{"_acf_changed":false},"product_brand":[],"product_cat":[8813],"product_tag":[10898],"class_list":{"0":"post-29996","1":"product","2":"type-product","3":"status-publish","4":"has-post-thumbnail","6":"product_cat-laubbaume-und-straucher","7":"product_tag-naturlichen","8":"pa_altezza-massima-25-meter","9":"pa_altezza-massima-35-meter","10":"pa_famiglia-fagaceae-de-2","11":"pa_genere-quercus-de","12":"pa_origine-asien","13":"pa_portamento-arrotondato-de","14":"pa_resistenza-climatica-mittel-hoch","15":"pa_resistenza-del-suolo-bestandig-gegen-kalkhaltige-boden","16":"pa_resistenza-del-suolo-bestandigkeit-auf-feuchten-boden","17":"pa_utilizzo-parks-de","19":"first","20":"instock","21":"purchasable","22":"product-type-simple"},"acf":[],"_links":{"self":[{"href":"https:\/\/innocentiemangonipiante.it\/de\/wp-json\/wp\/v2\/product\/29996","targetHints":{"allow":["GET"]}}],"collection":[{"href":"https:\/\/innocentiemangonipiante.it\/de\/wp-json\/wp\/v2\/product"}],"about":[{"href":"https:\/\/innocentiemangonipiante.it\/de\/wp-json\/wp\/v2\/types\/product"}],"wp:featuredmedia":[{"embeddable":true,"href":"https:\/\/innocentiemangonipiante.it\/de\/wp-json\/wp\/v2\/media\/24458"}],"wp:attachment":[{"href":"https:\/\/innocentiemangonipiante.it\/de\/wp-json\/wp\/v2\/media?parent=29996"}],"wp:term":[{"taxonomy":"product_brand","embeddable":true,"href":"https:\/\/innocentiemangonipiante.it\/de\/wp-json\/wp\/v2\/product_brand?post=29996"},{"taxonomy":"product_cat","embeddable":true,"href":"https:\/\/innocentiemangonipiante.it\/de\/wp-json\/wp\/v2\/product_cat?post=29996"},{"taxonomy":"product_tag","embeddable":true,"href":"https:\/\/innocentiemangonipiante.it\/de\/wp-json\/wp\/v2\/product_tag?post=29996"}],"curies":[{"name":"wp","href":"https:\/\/api.w.org\/{rel}","templated":true}]}}