{"id":29998,"date":"2023-11-04T02:52:52","date_gmt":"2023-11-04T01:52:52","guid":{"rendered":"http:\/\/innocentiemangonipiante.it\/quercus-phellos\/"},"modified":"2023-11-08T13:02:16","modified_gmt":"2023-11-08T12:02:16","slug":"quercus-phellos","status":"publish","type":"product","link":"https:\/\/innocentiemangonipiante.it\/de\/quercus-phellos\/","title":{"rendered":"QUERCUS phellos"},"content":{"rendered":"<p>Mittelgrosser sommergr\u00fcner Baum. Kegelf\u00f6rmig im jungen Alter, dann breit- fast rundf\u00f6rmig wenn Erwachsen. Die Bl\u00e4tter sind schmall und lang bis 12cm Weide-\u00e4hnlich und haben eine hellgr\u00fcne Farbe. Geeignet f\u00fcr nasse B\u00f6den.<\/p>\n","protected":false},"excerpt":{"rendered":"<p>Mittelgrosser sommergr\u00fcner Baum. Kegelf\u00f6rmig im jungen Alter, dann breit- fast rundf\u00f6rmig wenn Erwachsen. Die Bl\u00e4tter sind schmall und lang bis 12cm Weide-\u00e4hnlich und haben eine hellgr\u00fcne Farbe. Geeignet f\u00fcr nasse B\u00f6den.<\/p>\n","protected":false},"featured_media":24470,"template":"","meta":{"_acf_changed":false},"product_brand":[],"product_cat":[8813],"product_tag":[10898,8401],"class_list":{"0":"post-29998","1":"product","2":"type-product","3":"status-publish","4":"has-post-thumbnail","6":"product_cat-laubbaume-und-straucher","7":"product_tag-naturlichen","8":"product_tag-hochstamm","9":"pa_altezza-massima-20-meter","10":"pa_altezza-massima-30-meter","11":"pa_condizionamento-clt-de","12":"pa_condizionamento-m-de","13":"pa_famiglia-fagaceae-de-2","14":"pa_genere-quercus-de","15":"pa_origine-u-s-a","16":"pa_portamento-arrotondato-de","17":"pa_resistenza-climatica-mittel-hoch","18":"pa_resistenza-del-suolo-bestandig-gegen-trockene-boden","19":"pa_utilizzo-parks-de","21":"first","22":"instock","23":"purchasable","24":"product-type-simple"},"acf":[],"_links":{"self":[{"href":"https:\/\/innocentiemangonipiante.it\/de\/wp-json\/wp\/v2\/product\/29998","targetHints":{"allow":["GET"]}}],"collection":[{"href":"https:\/\/innocentiemangonipiante.it\/de\/wp-json\/wp\/v2\/product"}],"about":[{"href":"https:\/\/innocentiemangonipiante.it\/de\/wp-json\/wp\/v2\/types\/product"}],"wp:featuredmedia":[{"embeddable":true,"href":"https:\/\/innocentiemangonipiante.it\/de\/wp-json\/wp\/v2\/media\/24470"}],"wp:attachment":[{"href":"https:\/\/innocentiemangonipiante.it\/de\/wp-json\/wp\/v2\/media?parent=29998"}],"wp:term":[{"taxonomy":"product_brand","embeddable":true,"href":"https:\/\/innocentiemangonipiante.it\/de\/wp-json\/wp\/v2\/product_brand?post=29998"},{"taxonomy":"product_cat","embeddable":true,"href":"https:\/\/innocentiemangonipiante.it\/de\/wp-json\/wp\/v2\/product_cat?post=29998"},{"taxonomy":"product_tag","embeddable":true,"href":"https:\/\/innocentiemangonipiante.it\/de\/wp-json\/wp\/v2\/product_tag?post=29998"}],"curies":[{"name":"wp","href":"https:\/\/api.w.org\/{rel}","templated":true}]}}