{"id":29999,"date":"2023-11-04T02:53:22","date_gmt":"2023-11-04T01:53:22","guid":{"rendered":"http:\/\/innocentiemangonipiante.it\/quercus-robur-fastigiata-koster-2\/"},"modified":"2023-11-08T13:02:57","modified_gmt":"2023-11-08T12:02:57","slug":"quercus-robur-fastigiata-koster","status":"publish","type":"product","link":"https:\/\/innocentiemangonipiante.it\/de\/quercus-robur-fastigiata-koster\/","title":{"rendered":"QUERCUS robur &#8218;Fastigiata Koster&#8216;"},"content":{"rendered":"<p>S\u00e4ulenf\u00f6rmiger mittlerer Baum mit aufrechtem und kompaktem Astwerk, das dem Baum ein sehr dichtes Aussehen verleiht. Die Bl\u00e4tter \u00e4hneln denen der Grundsorte.<\/p>\n","protected":false},"excerpt":{"rendered":"<p>S\u00e4ulenf\u00f6rmiger mittlerer Baum mit aufrechtem und kompaktem Astwerk, das dem Baum ein sehr dichtes Aussehen verleiht. Die Bl\u00e4tter \u00e4hneln denen der Grundsorte.<\/p>\n","protected":false},"featured_media":24476,"template":"","meta":{"_acf_changed":false},"product_brand":[],"product_cat":[8813],"product_tag":[10898],"class_list":{"0":"post-29999","1":"product","2":"type-product","3":"status-publish","4":"has-post-thumbnail","6":"product_cat-laubbaume-und-straucher","7":"product_tag-naturlichen","8":"pa_altezza-massima-15-meter","9":"pa_altezza-massima-20-meter","10":"pa_famiglia-fagaceae-de-2","11":"pa_genere-quercus-de","12":"pa_origine-holland-de","13":"pa_portamento-saulenformig","14":"pa_resistenza-climatica-sehr-hoch","15":"pa_resistenza-del-suolo-bestandig-gegen-kalkhaltige-boden","16":"pa_resistenza-del-suolo-bestandig-gegen-trockene-boden","17":"pa_resistenza-del-suolo-bestandigkeit-auf-feuchten-boden","18":"pa_salinita-bestaendigkeit-in-meeresluft","19":"pa_utilizzo-alleen","21":"first","22":"instock","23":"purchasable","24":"product-type-simple"},"acf":[],"_links":{"self":[{"href":"https:\/\/innocentiemangonipiante.it\/de\/wp-json\/wp\/v2\/product\/29999","targetHints":{"allow":["GET"]}}],"collection":[{"href":"https:\/\/innocentiemangonipiante.it\/de\/wp-json\/wp\/v2\/product"}],"about":[{"href":"https:\/\/innocentiemangonipiante.it\/de\/wp-json\/wp\/v2\/types\/product"}],"wp:featuredmedia":[{"embeddable":true,"href":"https:\/\/innocentiemangonipiante.it\/de\/wp-json\/wp\/v2\/media\/24476"}],"wp:attachment":[{"href":"https:\/\/innocentiemangonipiante.it\/de\/wp-json\/wp\/v2\/media?parent=29999"}],"wp:term":[{"taxonomy":"product_brand","embeddable":true,"href":"https:\/\/innocentiemangonipiante.it\/de\/wp-json\/wp\/v2\/product_brand?post=29999"},{"taxonomy":"product_cat","embeddable":true,"href":"https:\/\/innocentiemangonipiante.it\/de\/wp-json\/wp\/v2\/product_cat?post=29999"},{"taxonomy":"product_tag","embeddable":true,"href":"https:\/\/innocentiemangonipiante.it\/de\/wp-json\/wp\/v2\/product_tag?post=29999"}],"curies":[{"name":"wp","href":"https:\/\/api.w.org\/{rel}","templated":true}]}}