{"id":30000,"date":"2023-11-04T02:53:29","date_gmt":"2023-11-04T01:53:29","guid":{"rendered":"http:\/\/innocentiemangonipiante.it\/quercus-robur-filicifolia\/"},"modified":"2023-11-08T13:03:01","modified_gmt":"2023-11-08T12:03:01","slug":"quercus-robur-filicifolia","status":"publish","type":"product","link":"https:\/\/innocentiemangonipiante.it\/de\/quercus-robur-filicifolia\/","title":{"rendered":"QUERCUS robur &#8218;Filicifolia&#8216;"},"content":{"rendered":"<p>Mittelgro\u00dfer Laubbaum. Die feine Bl\u00e4tter sind k\u00fcrzer, schmaler und mehr gr\u00fcn als die von Quercus \u201aPinnatifida\u2018.<\/p>\n","protected":false},"excerpt":{"rendered":"<p>Mittelgro\u00dfer Laubbaum. Die feine Bl\u00e4tter sind k\u00fcrzer, schmaler und mehr gr\u00fcn als die von Quercus \u201aPinnatifida\u2018.<\/p>\n","protected":false},"featured_media":60381,"template":"","meta":{"_acf_changed":false},"product_brand":[],"product_cat":[8813],"product_tag":[10898],"class_list":{"0":"post-30000","1":"product","2":"type-product","3":"status-publish","4":"has-post-thumbnail","6":"product_cat-laubbaume-und-straucher","7":"product_tag-naturlichen","8":"pa_altezza-massima-800-de","9":"pa_altezza-massima-12-meter","10":"pa_famiglia-fagaceae-de-2","11":"pa_genere-quercus-de","12":"pa_origine-mitteleuropa","13":"pa_portamento-arrotondato-de","14":"pa_resistenza-climatica-sehr-hoch","15":"pa_resistenza-del-suolo-bestandig-gegen-kalkhaltige-boden","16":"pa_resistenza-del-suolo-bestandig-gegen-trockene-boden","17":"pa_resistenza-del-suolo-bestandigkeit-auf-feuchten-boden","18":"pa_salinita-bestaendigkeit-in-meeresluft","19":"pa_utilizzo-alleen","20":"pa_utilizzo-parks-de","22":"first","23":"instock","24":"purchasable","25":"product-type-simple"},"acf":[],"_links":{"self":[{"href":"https:\/\/innocentiemangonipiante.it\/de\/wp-json\/wp\/v2\/product\/30000","targetHints":{"allow":["GET"]}}],"collection":[{"href":"https:\/\/innocentiemangonipiante.it\/de\/wp-json\/wp\/v2\/product"}],"about":[{"href":"https:\/\/innocentiemangonipiante.it\/de\/wp-json\/wp\/v2\/types\/product"}],"wp:featuredmedia":[{"embeddable":true,"href":"https:\/\/innocentiemangonipiante.it\/de\/wp-json\/wp\/v2\/media\/60381"}],"wp:attachment":[{"href":"https:\/\/innocentiemangonipiante.it\/de\/wp-json\/wp\/v2\/media?parent=30000"}],"wp:term":[{"taxonomy":"product_brand","embeddable":true,"href":"https:\/\/innocentiemangonipiante.it\/de\/wp-json\/wp\/v2\/product_brand?post=30000"},{"taxonomy":"product_cat","embeddable":true,"href":"https:\/\/innocentiemangonipiante.it\/de\/wp-json\/wp\/v2\/product_cat?post=30000"},{"taxonomy":"product_tag","embeddable":true,"href":"https:\/\/innocentiemangonipiante.it\/de\/wp-json\/wp\/v2\/product_tag?post=30000"}],"curies":[{"name":"wp","href":"https:\/\/api.w.org\/{rel}","templated":true}]}}