{"id":30001,"date":"2023-11-04T02:54:20","date_gmt":"2023-11-04T01:54:20","guid":{"rendered":"http:\/\/innocentiemangonipiante.it\/quercus-texana\/"},"modified":"2023-11-08T13:03:23","modified_gmt":"2023-11-08T12:03:23","slug":"quercus-texana","status":"publish","type":"product","link":"https:\/\/innocentiemangonipiante.it\/de\/quercus-texana\/","title":{"rendered":"QUERCUS texana"},"content":{"rendered":"<p>Laub Eiche, die nasse und schwere B\u00f6den toleriert. Weit verbreiten, abgerundeten Krone. Die dunkelgr\u00fcnen Bl\u00e4tter sind tief in 6-11 spitziege Lappen, werden gelb im Herbst.<\/p>\n","protected":false},"excerpt":{"rendered":"<p>Laub Eiche, die nasse und schwere B\u00f6den toleriert. Weit verbreiten, abgerundeten Krone. Die dunkelgr\u00fcnen Bl\u00e4tter sind tief in 6-11 spitziege Lappen, werden gelb im Herbst.<\/p>\n","protected":false},"featured_media":24488,"template":"","meta":{"_acf_changed":false},"product_brand":[],"product_cat":[8813],"product_tag":[10898],"class_list":{"0":"post-30001","1":"product","2":"type-product","3":"status-publish","4":"has-post-thumbnail","6":"product_cat-laubbaume-und-straucher","7":"product_tag-naturlichen","8":"pa_altezza-massima-15-meter","9":"pa_altezza-massima-20-meter","10":"pa_famiglia-fagaceae-de-2","11":"pa_genere-quercus-de","12":"pa_origine-u-s-a","13":"pa_portamento-arrotondato-de","14":"pa_resistenza-climatica-sehr-hoch","15":"pa_resistenza-del-suolo-bestandig-gegen-kalkhaltige-boden","16":"pa_resistenza-del-suolo-bestandig-gegen-trockene-boden","17":"pa_resistenza-del-suolo-bestandigkeit-auf-feuchten-boden","18":"pa_utilizzo-parks-de","20":"first","21":"instock","22":"purchasable","23":"product-type-simple"},"acf":[],"_links":{"self":[{"href":"https:\/\/innocentiemangonipiante.it\/de\/wp-json\/wp\/v2\/product\/30001","targetHints":{"allow":["GET"]}}],"collection":[{"href":"https:\/\/innocentiemangonipiante.it\/de\/wp-json\/wp\/v2\/product"}],"about":[{"href":"https:\/\/innocentiemangonipiante.it\/de\/wp-json\/wp\/v2\/types\/product"}],"wp:featuredmedia":[{"embeddable":true,"href":"https:\/\/innocentiemangonipiante.it\/de\/wp-json\/wp\/v2\/media\/24488"}],"wp:attachment":[{"href":"https:\/\/innocentiemangonipiante.it\/de\/wp-json\/wp\/v2\/media?parent=30001"}],"wp:term":[{"taxonomy":"product_brand","embeddable":true,"href":"https:\/\/innocentiemangonipiante.it\/de\/wp-json\/wp\/v2\/product_brand?post=30001"},{"taxonomy":"product_cat","embeddable":true,"href":"https:\/\/innocentiemangonipiante.it\/de\/wp-json\/wp\/v2\/product_cat?post=30001"},{"taxonomy":"product_tag","embeddable":true,"href":"https:\/\/innocentiemangonipiante.it\/de\/wp-json\/wp\/v2\/product_tag?post=30001"}],"curies":[{"name":"wp","href":"https:\/\/api.w.org\/{rel}","templated":true}]}}