{"id":30016,"date":"2023-11-04T02:58:40","date_gmt":"2023-11-04T01:58:40","guid":{"rendered":"http:\/\/innocentiemangonipiante.it\/rosa-giallo\/"},"modified":"2023-11-08T13:05:58","modified_gmt":"2023-11-08T12:05:58","slug":"rosa-giallo","status":"publish","type":"product","link":"https:\/\/innocentiemangonipiante.it\/de\/rosa-giallo\/","title":{"rendered":"ROSA giallo"},"content":{"rendered":"<p>Wir bieten die besten Variet\u00e4ten von Rosen in folgenden Farbt\u00f6nungen an: rot, rosa, wei\u00df, geld, lachsrot, orangefarbig.<\/p>\n","protected":false},"excerpt":{"rendered":"<p>Wir bieten die besten Variet\u00e4ten von Rosen in folgenden Farbt\u00f6nungen an: rot, rosa, wei\u00df, geld, lachsrot, orangefarbig.<\/p>\n","protected":false},"featured_media":24573,"template":"","meta":{"_acf_changed":false},"product_brand":[],"product_cat":[8318],"product_tag":[10898,13891,8565,10966],"class_list":{"0":"post-30016","1":"product","2":"type-product","3":"status-publish","4":"has-post-thumbnail","6":"product_cat-keine-kategorie","7":"product_tag-naturlichen","8":"product_tag-h-st-schirm","9":"product_tag-halbstamm","10":"product_tag-traurerrosen-staemme","11":"pa_altezza-massima-200-de","12":"pa_altezza-massima-300-de","13":"pa_colore-fioritura-gelbe","14":"pa_condizionamento-clt-de","15":"pa_condizionamento-viereckigertops","16":"pa_famiglia-rosaceae-de","17":"pa_genere-rosa-de","18":"pa_origine-asien","19":"pa_origine-europe-de","20":"pa_periodo-fioritura-august-de","21":"pa_periodo-fioritura-juli","22":"pa_periodo-fioritura-juni","23":"pa_periodo-fioritura-mai-de","24":"pa_periodo-fioritura-september-de","25":"pa_resistenza-climatica-sehr-hoch","26":"pa_resistenza-del-suolo-bestandig-gegen-kalkhaltige-boden","27":"pa_salinita-bestaendigkeit-in-meeresluft","29":"first","30":"instock","31":"purchasable","32":"product-type-simple"},"acf":[],"_links":{"self":[{"href":"https:\/\/innocentiemangonipiante.it\/de\/wp-json\/wp\/v2\/product\/30016","targetHints":{"allow":["GET"]}}],"collection":[{"href":"https:\/\/innocentiemangonipiante.it\/de\/wp-json\/wp\/v2\/product"}],"about":[{"href":"https:\/\/innocentiemangonipiante.it\/de\/wp-json\/wp\/v2\/types\/product"}],"wp:featuredmedia":[{"embeddable":true,"href":"https:\/\/innocentiemangonipiante.it\/de\/wp-json\/wp\/v2\/media\/24573"}],"wp:attachment":[{"href":"https:\/\/innocentiemangonipiante.it\/de\/wp-json\/wp\/v2\/media?parent=30016"}],"wp:term":[{"taxonomy":"product_brand","embeddable":true,"href":"https:\/\/innocentiemangonipiante.it\/de\/wp-json\/wp\/v2\/product_brand?post=30016"},{"taxonomy":"product_cat","embeddable":true,"href":"https:\/\/innocentiemangonipiante.it\/de\/wp-json\/wp\/v2\/product_cat?post=30016"},{"taxonomy":"product_tag","embeddable":true,"href":"https:\/\/innocentiemangonipiante.it\/de\/wp-json\/wp\/v2\/product_tag?post=30016"}],"curies":[{"name":"wp","href":"https:\/\/api.w.org\/{rel}","templated":true}]}}