{"id":30018,"date":"2023-11-04T02:58:58","date_gmt":"2023-11-04T01:58:58","guid":{"rendered":"http:\/\/innocentiemangonipiante.it\/rosa-rosso\/"},"modified":"2023-11-08T13:06:30","modified_gmt":"2023-11-08T12:06:30","slug":"rosa-rosso","status":"publish","type":"product","link":"https:\/\/innocentiemangonipiante.it\/de\/rosa-rosso\/","title":{"rendered":"ROSA rosso"},"content":{"rendered":"<p>Wir bieten die besten Variet\u00e4ten von Rosen in folgenden Farbt\u00f6nungen an: rot, rosa, wei\u00df, geld, lachsrot, orangefarbig.<\/p>\n","protected":false},"excerpt":{"rendered":"<p>Wir bieten die besten Variet\u00e4ten von Rosen in folgenden Farbt\u00f6nungen an: rot, rosa, wei\u00df, geld, lachsrot, orangefarbig.<\/p>\n","protected":false},"featured_media":24585,"template":"","meta":{"_acf_changed":false},"product_brand":[],"product_cat":[8318],"product_tag":[10898,13891,8565,10966],"class_list":{"0":"post-30018","1":"product","2":"type-product","3":"status-publish","4":"has-post-thumbnail","6":"product_cat-keine-kategorie","7":"product_tag-naturlichen","8":"product_tag-h-st-schirm","9":"product_tag-halbstamm","10":"product_tag-traurerrosen-staemme","11":"pa_altezza-massima-200-de","12":"pa_altezza-massima-300-de","13":"pa_colore-fioritura-rot","14":"pa_condizionamento-clt-de","15":"pa_condizionamento-viereckigertops","16":"pa_famiglia-rosaceae-de","17":"pa_genere-rosa-de","18":"pa_origine-asien","19":"pa_origine-europe-de","20":"pa_periodo-fioritura-juli","21":"pa_periodo-fioritura-juni","22":"pa_periodo-fioritura-mai-de","23":"pa_periodo-fioritura-september-de","24":"pa_resistenza-climatica-sehr-hoch","25":"pa_resistenza-del-suolo-bestandig-gegen-kalkhaltige-boden","26":"pa_salinita-bestaendigkeit-in-meeresluft","28":"first","29":"instock","30":"purchasable","31":"product-type-simple"},"acf":[],"_links":{"self":[{"href":"https:\/\/innocentiemangonipiante.it\/de\/wp-json\/wp\/v2\/product\/30018","targetHints":{"allow":["GET"]}}],"collection":[{"href":"https:\/\/innocentiemangonipiante.it\/de\/wp-json\/wp\/v2\/product"}],"about":[{"href":"https:\/\/innocentiemangonipiante.it\/de\/wp-json\/wp\/v2\/types\/product"}],"wp:featuredmedia":[{"embeddable":true,"href":"https:\/\/innocentiemangonipiante.it\/de\/wp-json\/wp\/v2\/media\/24585"}],"wp:attachment":[{"href":"https:\/\/innocentiemangonipiante.it\/de\/wp-json\/wp\/v2\/media?parent=30018"}],"wp:term":[{"taxonomy":"product_brand","embeddable":true,"href":"https:\/\/innocentiemangonipiante.it\/de\/wp-json\/wp\/v2\/product_brand?post=30018"},{"taxonomy":"product_cat","embeddable":true,"href":"https:\/\/innocentiemangonipiante.it\/de\/wp-json\/wp\/v2\/product_cat?post=30018"},{"taxonomy":"product_tag","embeddable":true,"href":"https:\/\/innocentiemangonipiante.it\/de\/wp-json\/wp\/v2\/product_tag?post=30018"}],"curies":[{"name":"wp","href":"https:\/\/api.w.org\/{rel}","templated":true}]}}