{"id":30020,"date":"2023-11-04T02:59:12","date_gmt":"2023-11-04T01:59:12","guid":{"rendered":"http:\/\/innocentiemangonipiante.it\/rosa-salmone\/"},"modified":"2023-11-08T13:06:37","modified_gmt":"2023-11-08T12:06:37","slug":"rosa-salmone","status":"publish","type":"product","link":"https:\/\/innocentiemangonipiante.it\/de\/rosa-salmone\/","title":{"rendered":"ROSA salmone"},"content":{"rendered":"<p>Wir bieten die besten Variet\u00e4ten von Rosen in folgenden Farbt\u00f6nungen an: rot, rosa, wei\u00df, geld, lachsrot, orangefarbig.<\/p>\n","protected":false},"excerpt":{"rendered":"<p>Wir bieten die besten Variet\u00e4ten von Rosen in folgenden Farbt\u00f6nungen an: rot, rosa, wei\u00df, geld, lachsrot, orangefarbig.<\/p>\n","protected":false},"featured_media":0,"template":"","meta":{"_acf_changed":false},"product_brand":[],"product_cat":[8318],"product_tag":[10898,13891,8565,10966],"class_list":{"0":"post-30020","1":"product","2":"type-product","3":"status-publish","5":"product_cat-keine-kategorie","6":"product_tag-naturlichen","7":"product_tag-h-st-schirm","8":"product_tag-halbstamm","9":"product_tag-traurerrosen-staemme","10":"pa_altezza-massima-200-de","11":"pa_altezza-massima-300-de","12":"pa_condizionamento-clt-de","13":"pa_condizionamento-viereckigertops","14":"pa_famiglia-rosaceae-de","15":"pa_genere-rosa-de","16":"pa_origine-asien","17":"pa_origine-europe-de","18":"pa_periodo-fioritura-august-de","19":"pa_periodo-fioritura-juli","20":"pa_periodo-fioritura-juni","21":"pa_periodo-fioritura-mai-de","22":"pa_periodo-fioritura-september-de","23":"pa_resistenza-climatica-sehr-hoch","24":"pa_resistenza-del-suolo-bestandig-gegen-kalkhaltige-boden","25":"pa_salinita-bestaendigkeit-in-meeresluft","27":"first","28":"instock","29":"purchasable","30":"product-type-simple"},"acf":[],"_links":{"self":[{"href":"https:\/\/innocentiemangonipiante.it\/de\/wp-json\/wp\/v2\/product\/30020","targetHints":{"allow":["GET"]}}],"collection":[{"href":"https:\/\/innocentiemangonipiante.it\/de\/wp-json\/wp\/v2\/product"}],"about":[{"href":"https:\/\/innocentiemangonipiante.it\/de\/wp-json\/wp\/v2\/types\/product"}],"wp:attachment":[{"href":"https:\/\/innocentiemangonipiante.it\/de\/wp-json\/wp\/v2\/media?parent=30020"}],"wp:term":[{"taxonomy":"product_brand","embeddable":true,"href":"https:\/\/innocentiemangonipiante.it\/de\/wp-json\/wp\/v2\/product_brand?post=30020"},{"taxonomy":"product_cat","embeddable":true,"href":"https:\/\/innocentiemangonipiante.it\/de\/wp-json\/wp\/v2\/product_cat?post=30020"},{"taxonomy":"product_tag","embeddable":true,"href":"https:\/\/innocentiemangonipiante.it\/de\/wp-json\/wp\/v2\/product_tag?post=30020"}],"curies":[{"name":"wp","href":"https:\/\/api.w.org\/{rel}","templated":true}]}}