{"id":30034,"date":"2023-11-04T03:02:15","date_gmt":"2023-11-04T02:02:15","guid":{"rendered":"http:\/\/innocentiemangonipiante.it\/sambucus-nigra-black-beauty\/"},"modified":"2023-11-08T13:08:21","modified_gmt":"2023-11-08T12:08:21","slug":"sambucus-nigra-black-beauty","status":"publish","type":"product","link":"https:\/\/innocentiemangonipiante.it\/de\/sambucus-nigra-black-beauty\/","title":{"rendered":"SAMBUCUS nigra &#8218;Black Beauty&#8216;"},"content":{"rendered":"<p>Sommergr\u00fcner Strauch mit dunkelpurpurrotem Laub. Mitte Fr\u00fchling bis Anfang Sommer rosafarbene Bl\u00fcte.<\/p>\n","protected":false},"excerpt":{"rendered":"<p>Sommergr\u00fcner Strauch mit dunkelpurpurrotem Laub. Mitte Fr\u00fchling bis Anfang Sommer rosafarbene Bl\u00fcte.<\/p>\n","protected":false},"featured_media":61269,"template":"","meta":{"_acf_changed":false},"product_brand":[],"product_cat":[8813],"product_tag":[10898],"class_list":{"0":"post-30034","1":"product","2":"type-product","3":"status-publish","4":"has-post-thumbnail","6":"product_cat-laubbaume-und-straucher","7":"product_tag-naturlichen","8":"pa_altezza-massima-300-de","9":"pa_altezza-massima-400-de","10":"pa_colore-delle-foglie-roten","11":"pa_colore-fioritura-rose-de","12":"pa_famiglia-caprifoliaceae-de","13":"pa_genere-sambucus-de","14":"pa_inquinamento-bestaendigkeit-gegen-smog","15":"pa_origine-holland-de","16":"pa_periodo-fioritura-juni","17":"pa_periodo-fioritura-mai-de","18":"pa_periodo-fruttificazione-august-de","19":"pa_periodo-fruttificazione-september-de","20":"pa_portamento-arrotondato-de","21":"pa_profumo-intensiv","22":"pa_resistenza-climatica-sehr-hoch","23":"pa_resistenza-del-suolo-bestandig-gegen-kalkhaltige-boden","24":"pa_resistenza-del-suolo-bestandigkeit-auf-feuchten-boden","25":"pa_salinita-bestaendigkeit-in-meeresluft","26":"pa_utilizzo-hecken","27":"pa_utilizzo-kleine-gaerten","29":"first","30":"instock","31":"purchasable","32":"product-type-simple"},"acf":[],"_links":{"self":[{"href":"https:\/\/innocentiemangonipiante.it\/de\/wp-json\/wp\/v2\/product\/30034","targetHints":{"allow":["GET"]}}],"collection":[{"href":"https:\/\/innocentiemangonipiante.it\/de\/wp-json\/wp\/v2\/product"}],"about":[{"href":"https:\/\/innocentiemangonipiante.it\/de\/wp-json\/wp\/v2\/types\/product"}],"wp:featuredmedia":[{"embeddable":true,"href":"https:\/\/innocentiemangonipiante.it\/de\/wp-json\/wp\/v2\/media\/61269"}],"wp:attachment":[{"href":"https:\/\/innocentiemangonipiante.it\/de\/wp-json\/wp\/v2\/media?parent=30034"}],"wp:term":[{"taxonomy":"product_brand","embeddable":true,"href":"https:\/\/innocentiemangonipiante.it\/de\/wp-json\/wp\/v2\/product_brand?post=30034"},{"taxonomy":"product_cat","embeddable":true,"href":"https:\/\/innocentiemangonipiante.it\/de\/wp-json\/wp\/v2\/product_cat?post=30034"},{"taxonomy":"product_tag","embeddable":true,"href":"https:\/\/innocentiemangonipiante.it\/de\/wp-json\/wp\/v2\/product_tag?post=30034"}],"curies":[{"name":"wp","href":"https:\/\/api.w.org\/{rel}","templated":true}]}}