{"id":30057,"date":"2023-11-04T03:05:25","date_gmt":"2023-11-04T02:05:25","guid":{"rendered":"http:\/\/innocentiemangonipiante.it\/solanum-jasminoides-2\/"},"modified":"2023-11-08T13:10:00","modified_gmt":"2023-11-08T12:10:00","slug":"solanum-jasminoides","status":"publish","type":"product","link":"https:\/\/innocentiemangonipiante.it\/de\/solanum-jasminoides\/","title":{"rendered":"SOLANUM jasminoides"},"content":{"rendered":"<p>Immergr\u00fcner bis halbdauerhafter Kletterstrauch mit eif\u00f6rmigen bis lanzettartigen, leuchtenden, dunkelgr\u00fcnen und bis 5 cm langen Bl\u00e4ttern. Im Sommer und im Herbst sprie\u00dfen duftende wei\u00df-blaue 2-3 cm breite Bl\u00fcten, in Str\u00e4u\u00dfchen gruppiert sind. Kleine eif\u00f6rmige schwarze Fr\u00fcchte.<\/p>\n","protected":false},"excerpt":{"rendered":"<p>Immergr\u00fcner bis halbdauerhafter Kletterstrauch mit eif\u00f6rmigen bis lanzettartigen, leuchtenden, dunkelgr\u00fcnen und bis 5 cm langen Bl\u00e4ttern. Im Sommer und im Herbst sprie\u00dfen duftende wei\u00df-blaue 2-3 cm breite Bl\u00fcten, in Str\u00e4u\u00dfchen gruppiert sind. Kleine eif\u00f6rmige schwarze Fr\u00fcchte.<\/p>\n","protected":false},"featured_media":24724,"template":"","meta":{"_acf_changed":false},"product_brand":[],"product_cat":[8837],"product_tag":[10898],"class_list":{"0":"post-30057","1":"product","2":"type-product","3":"status-publish","4":"has-post-thumbnail","6":"product_cat-schlingpflanzen","7":"product_tag-naturlichen","8":"pa_altezza-massima-400-de","9":"pa_altezza-massima-600-de","10":"pa_colore-fioritura-weis","11":"pa_famiglia-solanaceae-de","12":"pa_genere-solanum-de","13":"pa_origine-brasilien","14":"pa_periodo-fioritura-august-de","15":"pa_periodo-fioritura-juli","16":"pa_periodo-fioritura-juni","17":"pa_periodo-fioritura-oktober","18":"pa_periodo-fioritura-september-de","19":"pa_profumo-zart","20":"pa_resistenza-climatica-pflanzen-mit-geringem-klimawiderstand","21":"pa_resistenza-del-suolo-bestandig-gegen-trockene-boden","22":"pa_resistenza-del-suolo-bestandigkeit-auf-feuchten-boden","23":"pa_utilizzo-balkone","24":"pa_utilizzo-kleine-gaerten","26":"first","27":"instock","28":"purchasable","29":"product-type-simple"},"acf":[],"_links":{"self":[{"href":"https:\/\/innocentiemangonipiante.it\/de\/wp-json\/wp\/v2\/product\/30057","targetHints":{"allow":["GET"]}}],"collection":[{"href":"https:\/\/innocentiemangonipiante.it\/de\/wp-json\/wp\/v2\/product"}],"about":[{"href":"https:\/\/innocentiemangonipiante.it\/de\/wp-json\/wp\/v2\/types\/product"}],"wp:featuredmedia":[{"embeddable":true,"href":"https:\/\/innocentiemangonipiante.it\/de\/wp-json\/wp\/v2\/media\/24724"}],"wp:attachment":[{"href":"https:\/\/innocentiemangonipiante.it\/de\/wp-json\/wp\/v2\/media?parent=30057"}],"wp:term":[{"taxonomy":"product_brand","embeddable":true,"href":"https:\/\/innocentiemangonipiante.it\/de\/wp-json\/wp\/v2\/product_brand?post=30057"},{"taxonomy":"product_cat","embeddable":true,"href":"https:\/\/innocentiemangonipiante.it\/de\/wp-json\/wp\/v2\/product_cat?post=30057"},{"taxonomy":"product_tag","embeddable":true,"href":"https:\/\/innocentiemangonipiante.it\/de\/wp-json\/wp\/v2\/product_tag?post=30057"}],"curies":[{"name":"wp","href":"https:\/\/api.w.org\/{rel}","templated":true}]}}