{"id":30073,"date":"2023-11-04T03:08:25","date_gmt":"2023-11-04T02:08:25","guid":{"rendered":"http:\/\/innocentiemangonipiante.it\/strelitzia-reginae-2\/"},"modified":"2023-11-08T13:11:34","modified_gmt":"2023-11-08T12:11:34","slug":"strelitzia-reginae","status":"publish","type":"product","link":"https:\/\/innocentiemangonipiante.it\/de\/strelitzia-reginae\/","title":{"rendered":"STRELITZIA reginae"},"content":{"rendered":"<p>Gro\u00dfe aufrechte gr\u00fcn-bl\u00e4ulichen Bl\u00e4tter, (bis 50 cm lang).<\/p>\n","protected":false},"excerpt":{"rendered":"<p>Gro\u00dfe aufrechte gr\u00fcn-bl\u00e4ulichen Bl\u00e4tter, (bis 50 cm lang).<\/p>\n","protected":false},"featured_media":24825,"template":"","meta":{"_acf_changed":false},"product_brand":[],"product_cat":[8816],"product_tag":[10898],"class_list":{"0":"post-30073","1":"product","2":"type-product","3":"status-publish","4":"has-post-thumbnail","6":"product_cat-hartnaeckige-baeume-und-straeucher","7":"product_tag-naturlichen","8":"pa_altezza-massima-150-de","9":"pa_altezza-massima-200-de","10":"pa_colore-fioritura-orangefarbenes","11":"pa_condizionamento-clt-de","12":"pa_condizionamento-jungplanzen","13":"pa_famiglia-strelitziaceae-de","14":"pa_genere-strelitzia-de","15":"pa_origine-sudafrika","16":"pa_periodo-fioritura-april-de","17":"pa_periodo-fioritura-mai-de","18":"pa_portamento-eretto-de","19":"pa_resistenza-climatica-mittel","20":"pa_resistenza-del-suolo-bestandig-gegen-trockene-boden","21":"pa_utilizzo-balkone","22":"pa_utilizzo-kleine-gaerten","24":"first","25":"instock","26":"purchasable","27":"product-type-simple"},"acf":[],"_links":{"self":[{"href":"https:\/\/innocentiemangonipiante.it\/de\/wp-json\/wp\/v2\/product\/30073","targetHints":{"allow":["GET"]}}],"collection":[{"href":"https:\/\/innocentiemangonipiante.it\/de\/wp-json\/wp\/v2\/product"}],"about":[{"href":"https:\/\/innocentiemangonipiante.it\/de\/wp-json\/wp\/v2\/types\/product"}],"wp:featuredmedia":[{"embeddable":true,"href":"https:\/\/innocentiemangonipiante.it\/de\/wp-json\/wp\/v2\/media\/24825"}],"wp:attachment":[{"href":"https:\/\/innocentiemangonipiante.it\/de\/wp-json\/wp\/v2\/media?parent=30073"}],"wp:term":[{"taxonomy":"product_brand","embeddable":true,"href":"https:\/\/innocentiemangonipiante.it\/de\/wp-json\/wp\/v2\/product_brand?post=30073"},{"taxonomy":"product_cat","embeddable":true,"href":"https:\/\/innocentiemangonipiante.it\/de\/wp-json\/wp\/v2\/product_cat?post=30073"},{"taxonomy":"product_tag","embeddable":true,"href":"https:\/\/innocentiemangonipiante.it\/de\/wp-json\/wp\/v2\/product_tag?post=30073"}],"curies":[{"name":"wp","href":"https:\/\/api.w.org\/{rel}","templated":true}]}}