{"id":30091,"date":"2023-11-04T03:12:34","date_gmt":"2023-11-04T02:12:34","guid":{"rendered":"http:\/\/innocentiemangonipiante.it\/taxus-baccata-fastigiata\/"},"modified":"2023-11-08T13:48:32","modified_gmt":"2023-11-08T12:48:32","slug":"taxus-baccata-fastigiata","status":"publish","type":"product","link":"https:\/\/innocentiemangonipiante.it\/de\/taxus-baccata-fastigiata\/","title":{"rendered":"TAXUS baccata &#8218;Fastigiata&#8216;"},"content":{"rendered":"<p>Schmaler, aufrechter und s\u00e4ulenf\u00f6rmiger Wuchs, der im Alter ausladender wird. Langsames Wachstum. Die dunkelgr\u00fcnen Bl\u00e4tter sind auf den Zweigen sternf\u00f6rmig angeordnet.<\/p>\n","protected":false},"excerpt":{"rendered":"<p>Schmaler, aufrechter und s\u00e4ulenf\u00f6rmiger Wuchs, der im Alter ausladender wird. Langsames Wachstum. Die dunkelgr\u00fcnen Bl\u00e4tter sind auf den Zweigen sternf\u00f6rmig angeordnet.<\/p>\n","protected":false},"featured_media":24903,"template":"","meta":{"_acf_changed":false},"product_brand":[],"product_cat":[8825],"product_tag":[10898],"class_list":{"0":"post-30091","1":"product","2":"type-product","3":"status-publish","4":"has-post-thumbnail","6":"product_cat-koniferen","7":"product_tag-naturlichen","8":"pa_altezza-massima-500-de","9":"pa_altezza-massima-800-de","10":"pa_famiglia-taxaceae-de","11":"pa_genere-taxus-de","12":"pa_inquinamento-bestaendigkeit-gegen-smog","13":"pa_origine-irland","14":"pa_portamento-saulenformig","15":"pa_resistenza-climatica-sehr-hoch","16":"pa_resistenza-del-suolo-bestandig-gegen-kalkhaltige-boden","17":"pa_utilizzo-kleine-gaerten","18":"pa_utilizzo-parks-de","20":"first","21":"instock","22":"purchasable","23":"product-type-simple"},"acf":[],"_links":{"self":[{"href":"https:\/\/innocentiemangonipiante.it\/de\/wp-json\/wp\/v2\/product\/30091","targetHints":{"allow":["GET"]}}],"collection":[{"href":"https:\/\/innocentiemangonipiante.it\/de\/wp-json\/wp\/v2\/product"}],"about":[{"href":"https:\/\/innocentiemangonipiante.it\/de\/wp-json\/wp\/v2\/types\/product"}],"wp:featuredmedia":[{"embeddable":true,"href":"https:\/\/innocentiemangonipiante.it\/de\/wp-json\/wp\/v2\/media\/24903"}],"wp:attachment":[{"href":"https:\/\/innocentiemangonipiante.it\/de\/wp-json\/wp\/v2\/media?parent=30091"}],"wp:term":[{"taxonomy":"product_brand","embeddable":true,"href":"https:\/\/innocentiemangonipiante.it\/de\/wp-json\/wp\/v2\/product_brand?post=30091"},{"taxonomy":"product_cat","embeddable":true,"href":"https:\/\/innocentiemangonipiante.it\/de\/wp-json\/wp\/v2\/product_cat?post=30091"},{"taxonomy":"product_tag","embeddable":true,"href":"https:\/\/innocentiemangonipiante.it\/de\/wp-json\/wp\/v2\/product_tag?post=30091"}],"curies":[{"name":"wp","href":"https:\/\/api.w.org\/{rel}","templated":true}]}}