{"id":30098,"date":"2023-11-04T03:13:42","date_gmt":"2023-11-04T02:13:42","guid":{"rendered":"http:\/\/innocentiemangonipiante.it\/thuja-occidentalis-smaragd-2\/"},"modified":"2023-11-08T13:49:06","modified_gmt":"2023-11-08T12:49:06","slug":"thuja-occidentalis-smaragd","status":"publish","type":"product","link":"https:\/\/innocentiemangonipiante.it\/de\/thuja-occidentalis-smaragd\/","title":{"rendered":"THUJA occidentalis &#8218;Smaragd&#8216;"},"content":{"rendered":"<p>Sehr dekorativer Nadelbaum mit kegel- bis s\u00e4ulenf\u00f6rmigem Wuchs. Schuppenf\u00f6rmiges leuchtend gr\u00fcnes Laubwerk.<\/p>\n","protected":false},"excerpt":{"rendered":"<p>Sehr dekorativer Nadelbaum mit kegel- bis s\u00e4ulenf\u00f6rmigem Wuchs. Schuppenf\u00f6rmiges leuchtend gr\u00fcnes Laubwerk.<\/p>\n","protected":false},"featured_media":24930,"template":"","meta":{"_acf_changed":false},"product_brand":[],"product_cat":[8825],"product_tag":[10898],"class_list":{"0":"post-30098","1":"product","2":"type-product","3":"status-publish","4":"has-post-thumbnail","6":"product_cat-koniferen","7":"product_tag-naturlichen","8":"pa_altezza-massima-400-de","9":"pa_altezza-massima-600-de","10":"pa_famiglia-cupressaceae-de","11":"pa_genere-thuja-de","12":"pa_inquinamento-bestaendigkeit-gegen-smog","13":"pa_origine-danemark-de","14":"pa_portamento-conico-de","15":"pa_resistenza-climatica-sehr-hoch","16":"pa_resistenza-del-suolo-bestandig-gegen-kalkhaltige-boden","17":"pa_utilizzo-kleine-gaerten","19":"first","20":"instock","21":"purchasable","22":"product-type-simple"},"acf":[],"_links":{"self":[{"href":"https:\/\/innocentiemangonipiante.it\/de\/wp-json\/wp\/v2\/product\/30098","targetHints":{"allow":["GET"]}}],"collection":[{"href":"https:\/\/innocentiemangonipiante.it\/de\/wp-json\/wp\/v2\/product"}],"about":[{"href":"https:\/\/innocentiemangonipiante.it\/de\/wp-json\/wp\/v2\/types\/product"}],"wp:featuredmedia":[{"embeddable":true,"href":"https:\/\/innocentiemangonipiante.it\/de\/wp-json\/wp\/v2\/media\/24930"}],"wp:attachment":[{"href":"https:\/\/innocentiemangonipiante.it\/de\/wp-json\/wp\/v2\/media?parent=30098"}],"wp:term":[{"taxonomy":"product_brand","embeddable":true,"href":"https:\/\/innocentiemangonipiante.it\/de\/wp-json\/wp\/v2\/product_brand?post=30098"},{"taxonomy":"product_cat","embeddable":true,"href":"https:\/\/innocentiemangonipiante.it\/de\/wp-json\/wp\/v2\/product_cat?post=30098"},{"taxonomy":"product_tag","embeddable":true,"href":"https:\/\/innocentiemangonipiante.it\/de\/wp-json\/wp\/v2\/product_tag?post=30098"}],"curies":[{"name":"wp","href":"https:\/\/api.w.org\/{rel}","templated":true}]}}