{"id":30109,"date":"2023-11-04T03:18:39","date_gmt":"2023-11-04T02:18:39","guid":{"rendered":"http:\/\/innocentiemangonipiante.it\/vaccinium-corymbosum\/"},"modified":"2023-11-08T13:52:35","modified_gmt":"2023-11-08T12:52:35","slug":"vaccinium-corymbosum","status":"publish","type":"product","link":"https:\/\/innocentiemangonipiante.it\/de\/vaccinium-corymbosum\/","title":{"rendered":"VACCINIUM corymbosum"},"content":{"rendered":"<p>Sommergr\u00fcner aufrechter Strauch, mittelgr\u00fcne eif\u00f6rmig-lanzettliche bis 10cm lange Bl\u00e4tter. Am Fr\u00fchlingsende spriessen weisse bis rosa abget\u00f6nten herabfallende Gl\u00f6ckchenbl\u00fcten, die von blauschwarzen, kugeligen, bis 0,8cm breiten, s\u00fcssen Fr\u00fcchten gefolgt werden.<\/p>\n","protected":false},"excerpt":{"rendered":"<p>Sommergr\u00fcner aufrechter Strauch, mittelgr\u00fcne eif\u00f6rmig-lanzettliche bis 10cm lange Bl\u00e4tter. Am Fr\u00fchlingsende spriessen weisse bis rosa abget\u00f6nten herabfallende Gl\u00f6ckchenbl\u00fcten, die von blauschwarzen, kugeligen, bis 0,8cm breiten, s\u00fcssen Fr\u00fcchten gefolgt werden.<\/p>\n","protected":false},"featured_media":24986,"template":"","meta":{"_acf_changed":false},"product_brand":[],"product_cat":[8813],"product_tag":[10898],"class_list":{"0":"post-30109","1":"product","2":"type-product","3":"status-publish","4":"has-post-thumbnail","6":"product_cat-laubbaume-und-straucher","7":"product_tag-naturlichen","8":"pa_altezza-massima-150-de","9":"pa_altezza-massima-200-de","10":"pa_colore-fioritura-weis","11":"pa_condizionamento-clt-de","12":"pa_famiglia-ericaceae-de","13":"pa_genere-vaccinium-de","14":"pa_origine-u-s-a","15":"pa_periodo-fioritura-mai-de","16":"pa_periodo-fruttificazione-august-de","17":"pa_periodo-fruttificazione-juli","18":"pa_periodo-fruttificazione-juni","19":"pa_portamento-saulenformig","20":"pa_resistenza-climatica-sehr-hoch","21":"pa_salinita-bestaendigkeit-in-meeresluft","22":"pa_utilizzo-kleine-gaerten","24":"first","25":"instock","26":"purchasable","27":"product-type-simple"},"acf":[],"_links":{"self":[{"href":"https:\/\/innocentiemangonipiante.it\/de\/wp-json\/wp\/v2\/product\/30109","targetHints":{"allow":["GET"]}}],"collection":[{"href":"https:\/\/innocentiemangonipiante.it\/de\/wp-json\/wp\/v2\/product"}],"about":[{"href":"https:\/\/innocentiemangonipiante.it\/de\/wp-json\/wp\/v2\/types\/product"}],"wp:featuredmedia":[{"embeddable":true,"href":"https:\/\/innocentiemangonipiante.it\/de\/wp-json\/wp\/v2\/media\/24986"}],"wp:attachment":[{"href":"https:\/\/innocentiemangonipiante.it\/de\/wp-json\/wp\/v2\/media?parent=30109"}],"wp:term":[{"taxonomy":"product_brand","embeddable":true,"href":"https:\/\/innocentiemangonipiante.it\/de\/wp-json\/wp\/v2\/product_brand?post=30109"},{"taxonomy":"product_cat","embeddable":true,"href":"https:\/\/innocentiemangonipiante.it\/de\/wp-json\/wp\/v2\/product_cat?post=30109"},{"taxonomy":"product_tag","embeddable":true,"href":"https:\/\/innocentiemangonipiante.it\/de\/wp-json\/wp\/v2\/product_tag?post=30109"}],"curies":[{"name":"wp","href":"https:\/\/api.w.org\/{rel}","templated":true}]}}