{"id":30112,"date":"2023-11-04T03:19:11","date_gmt":"2023-11-04T02:19:11","guid":{"rendered":"http:\/\/innocentiemangonipiante.it\/viburnum-lucidum\/"},"modified":"2023-11-08T13:52:47","modified_gmt":"2023-11-08T12:52:47","slug":"viburnum-lucidum","status":"publish","type":"product","link":"https:\/\/innocentiemangonipiante.it\/de\/viburnum-lucidum\/","title":{"rendered":"VIBURNUM lucidum"},"content":{"rendered":"<p>Gro\u00dfer Immergr\u00fcner Strauch mit gl\u00e4nzenden, leuchtenden, l\u00e4nglich eif\u00f6rmigen, dunkelgr\u00fcnen Bl\u00e4ttern, die denen des Prunus Laurocerasus \u00e4hnlich sind.<\/p>\n","protected":false},"excerpt":{"rendered":"<p>Gro\u00dfer Immergr\u00fcner Strauch mit gl\u00e4nzenden, leuchtenden, l\u00e4nglich eif\u00f6rmigen, dunkelgr\u00fcnen Bl\u00e4ttern, die denen des Prunus Laurocerasus \u00e4hnlich sind.<\/p>\n","protected":false},"featured_media":25004,"template":"","meta":{"_acf_changed":false},"product_brand":[],"product_cat":[8318],"product_tag":[10898,8425],"class_list":{"0":"post-30112","1":"product","2":"type-product","3":"status-publish","4":"has-post-thumbnail","6":"product_cat-keine-kategorie","7":"product_tag-naturlichen","8":"product_tag-hochstamm-spalier","9":"pa_altezza-massima-300-de","10":"pa_altezza-massima-500-de","11":"pa_colore-fioritura-weis","12":"pa_condizionamento-clt-de","13":"pa_condizionamento-jungplanzen","14":"pa_famiglia-caprifoliaceae-de","15":"pa_genere-viburnum-de","16":"pa_origine-westeuropa","17":"pa_periodo-fioritura-juni","18":"pa_portamento-saulenformig","19":"pa_profumo-intensiv","20":"pa_resistenza-climatica-mittel","21":"pa_salinita-bestaendigkeit-in-meeresluft","22":"pa_utilizzo-hecken","23":"pa_utilizzo-kleine-gaerten","24":"pa_utilizzo-parks-de","26":"first","27":"instock","28":"purchasable","29":"product-type-simple"},"acf":[],"_links":{"self":[{"href":"https:\/\/innocentiemangonipiante.it\/de\/wp-json\/wp\/v2\/product\/30112","targetHints":{"allow":["GET"]}}],"collection":[{"href":"https:\/\/innocentiemangonipiante.it\/de\/wp-json\/wp\/v2\/product"}],"about":[{"href":"https:\/\/innocentiemangonipiante.it\/de\/wp-json\/wp\/v2\/types\/product"}],"wp:featuredmedia":[{"embeddable":true,"href":"https:\/\/innocentiemangonipiante.it\/de\/wp-json\/wp\/v2\/media\/25004"}],"wp:attachment":[{"href":"https:\/\/innocentiemangonipiante.it\/de\/wp-json\/wp\/v2\/media?parent=30112"}],"wp:term":[{"taxonomy":"product_brand","embeddable":true,"href":"https:\/\/innocentiemangonipiante.it\/de\/wp-json\/wp\/v2\/product_brand?post=30112"},{"taxonomy":"product_cat","embeddable":true,"href":"https:\/\/innocentiemangonipiante.it\/de\/wp-json\/wp\/v2\/product_cat?post=30112"},{"taxonomy":"product_tag","embeddable":true,"href":"https:\/\/innocentiemangonipiante.it\/de\/wp-json\/wp\/v2\/product_tag?post=30112"}],"curies":[{"name":"wp","href":"https:\/\/api.w.org\/{rel}","templated":true}]}}