{"id":64013,"date":"2023-11-03T23:31:27","date_gmt":"2023-11-03T22:31:27","guid":{"rendered":"http:\/\/innocentiemangonipiante.it\/arundo-donax-2\/"},"modified":"2023-11-06T17:25:09","modified_gmt":"2023-11-06T16:25:09","slug":"arundo-donax-2","status":"publish","type":"product","link":"https:\/\/innocentiemangonipiante.it\/de\/arundo-donax-2\/","title":{"rendered":"ARUNDO donax"},"content":{"rendered":"<p>Schilfrohr. Rhizomartige Staude mit kr\u00e4ftigen Stielen und gr\u00fcnen, gebogenen, linearen Bl\u00e4ttern, bis zu 60 cm lang.<\/p>\n","protected":false},"excerpt":{"rendered":"<p>Schilfrohr. Rhizomartige Staude mit kr\u00e4ftigen Stielen und gr\u00fcnen, gebogenen, linearen Bl\u00e4ttern, bis zu 60 cm lang.<\/p>\n","protected":false},"featured_media":20535,"template":"","meta":{"_acf_changed":false},"product_brand":[],"product_cat":[8829],"product_tag":[10898],"class_list":{"0":"post-64013","1":"product","2":"type-product","3":"status-publish","4":"has-post-thumbnail","6":"product_cat-mehrjahrige-krauter","7":"product_tag-naturlichen","8":"pa_altezza-massima-400-de","9":"pa_altezza-massima-600-de","10":"pa_condizionamento-clt-de","11":"pa_famiglia-poaceae-de","12":"pa_genere-arundo-de","13":"pa_origine-europaischen-mittelmeeres","14":"pa_periodo-fioritura-juli","15":"pa_periodo-fioritura-juni","16":"pa_portamento-eretto-de","17":"pa_resistenza-climatica-mittel","18":"pa_utilizzo-hecken","19":"pa_utilizzo-parks-de","21":"first","22":"instock","23":"purchasable","24":"product-type-simple"},"acf":[],"_links":{"self":[{"href":"https:\/\/innocentiemangonipiante.it\/de\/wp-json\/wp\/v2\/product\/64013","targetHints":{"allow":["GET"]}}],"collection":[{"href":"https:\/\/innocentiemangonipiante.it\/de\/wp-json\/wp\/v2\/product"}],"about":[{"href":"https:\/\/innocentiemangonipiante.it\/de\/wp-json\/wp\/v2\/types\/product"}],"wp:featuredmedia":[{"embeddable":true,"href":"https:\/\/innocentiemangonipiante.it\/de\/wp-json\/wp\/v2\/media\/20535"}],"wp:attachment":[{"href":"https:\/\/innocentiemangonipiante.it\/de\/wp-json\/wp\/v2\/media?parent=64013"}],"wp:term":[{"taxonomy":"product_brand","embeddable":true,"href":"https:\/\/innocentiemangonipiante.it\/de\/wp-json\/wp\/v2\/product_brand?post=64013"},{"taxonomy":"product_cat","embeddable":true,"href":"https:\/\/innocentiemangonipiante.it\/de\/wp-json\/wp\/v2\/product_cat?post=64013"},{"taxonomy":"product_tag","embeddable":true,"href":"https:\/\/innocentiemangonipiante.it\/de\/wp-json\/wp\/v2\/product_tag?post=64013"}],"curies":[{"name":"wp","href":"https:\/\/api.w.org\/{rel}","templated":true}]}}