{"id":64018,"date":"2023-11-03T23:43:15","date_gmt":"2023-11-03T22:43:15","guid":{"rendered":"http:\/\/innocentiemangonipiante.it\/betula-jacquemontii\/"},"modified":"2023-11-06T17:32:54","modified_gmt":"2023-11-06T16:32:54","slug":"betula-jacquemontii","status":"publish","type":"product","link":"https:\/\/innocentiemangonipiante.it\/de\/betula-jacquemontii\/","title":{"rendered":"BETULA jacquemontii"},"content":{"rendered":"<p>Mittelgro\u00dfer sommergr\u00fcner Baum. Die jungen Zweigen sind hellbraunbraun und nehmen ab dem 3\u00b0 &#8211; 4\u00b0 Jahr die typische wei\u00dfe Farbe an und bilden eine Rinde, die sich in d\u00fcnnen Blattfl\u00e4chen absch\u00e4lt. Die Bl\u00e4tter sind dunkelgr\u00fcn und werden goldgelb im Herbst.<\/p>\n","protected":false},"excerpt":{"rendered":"<p>Mittelgro\u00dfer sommergr\u00fcner Baum. Die jungen Zweigen sind hellbraunbraun und nehmen ab dem 3\u00b0 &#8211; 4\u00b0 Jahr die typische wei\u00dfe Farbe an und bilden eine Rinde, die sich in d\u00fcnnen Blattfl\u00e4chen absch\u00e4lt. Die Bl\u00e4tter sind dunkelgr\u00fcn und werden goldgelb im Herbst.<\/p>\n","protected":false},"featured_media":20762,"template":"","meta":{"_acf_changed":false},"product_brand":[],"product_cat":[8813,9231],"product_tag":[10898,8401,8597],"class_list":{"0":"post-64018","1":"product","2":"type-product","3":"status-publish","4":"has-post-thumbnail","6":"product_cat-laubbaume-und-straucher","7":"product_cat-baume-und-pflanzen-der-zukunft","8":"product_tag-naturlichen","9":"product_tag-hochstamm","10":"product_tag-multistamm","11":"pa_altezza-massima-800-de","12":"pa_altezza-massima-12-meter","13":"pa_condizionamento-clt-de","14":"pa_condizionamento-m-de","15":"pa_famiglia-betulaceae-de","16":"pa_genere-betula-de","17":"pa_origine-himalaja","18":"pa_portamento-arrotondato-de","19":"pa_resistenza-climatica-sehr-hoch","20":"pa_resistenza-del-suolo-bestandigkeit-auf-feuchten-boden","21":"pa_utilizzo-alleen","22":"pa_utilizzo-parks-de","24":"first","25":"instock","26":"purchasable","27":"product-type-simple"},"acf":[],"_links":{"self":[{"href":"https:\/\/innocentiemangonipiante.it\/de\/wp-json\/wp\/v2\/product\/64018","targetHints":{"allow":["GET"]}}],"collection":[{"href":"https:\/\/innocentiemangonipiante.it\/de\/wp-json\/wp\/v2\/product"}],"about":[{"href":"https:\/\/innocentiemangonipiante.it\/de\/wp-json\/wp\/v2\/types\/product"}],"wp:featuredmedia":[{"embeddable":true,"href":"https:\/\/innocentiemangonipiante.it\/de\/wp-json\/wp\/v2\/media\/20762"}],"wp:attachment":[{"href":"https:\/\/innocentiemangonipiante.it\/de\/wp-json\/wp\/v2\/media?parent=64018"}],"wp:term":[{"taxonomy":"product_brand","embeddable":true,"href":"https:\/\/innocentiemangonipiante.it\/de\/wp-json\/wp\/v2\/product_brand?post=64018"},{"taxonomy":"product_cat","embeddable":true,"href":"https:\/\/innocentiemangonipiante.it\/de\/wp-json\/wp\/v2\/product_cat?post=64018"},{"taxonomy":"product_tag","embeddable":true,"href":"https:\/\/innocentiemangonipiante.it\/de\/wp-json\/wp\/v2\/product_tag?post=64018"}],"curies":[{"name":"wp","href":"https:\/\/api.w.org\/{rel}","templated":true}]}}