{"id":64021,"date":"2023-11-03T23:47:20","date_gmt":"2023-11-03T22:47:20","guid":{"rendered":"http:\/\/innocentiemangonipiante.it\/butia-capitata\/"},"modified":"2023-11-06T17:35:37","modified_gmt":"2023-11-06T16:35:37","slug":"butia-capitata","status":"publish","type":"product","link":"https:\/\/innocentiemangonipiante.it\/de\/butia-capitata\/","title":{"rendered":"BUTIA capitata"},"content":{"rendered":"<p>Langsamwachsende Palme mit einem kr\u00e4ftigem Stamm und einem oft blattbewachsenem Fu\u00df. Die gekr\u00fcmmten bis 2 Meter langen Bl\u00e4tter sind grau-gr\u00fcn mit blauen T\u00f6nungen. Gelbe Bl\u00fcten in bis zu 1,5 Meter langen Rispen.<\/p>\n","protected":false},"excerpt":{"rendered":"<p>Langsamwachsende Palme mit einem kr\u00e4ftigem Stamm und einem oft blattbewachsenem Fu\u00df. Die gekr\u00fcmmten bis 2 Meter langen Bl\u00e4tter sind grau-gr\u00fcn mit blauen T\u00f6nungen. Gelbe Bl\u00fcten in bis zu 1,5 Meter langen Rispen.<\/p>\n","protected":false},"featured_media":20838,"template":"","meta":{"_acf_changed":false},"product_brand":[],"product_cat":[8832,9231],"product_tag":[10898],"class_list":{"0":"post-64021","1":"product","2":"type-product","3":"status-publish","4":"has-post-thumbnail","6":"product_cat-palmartig-und-saftig","7":"product_cat-baume-und-pflanzen-der-zukunft","8":"product_tag-naturlichen","9":"pa_altezza-massima-400-de","10":"pa_altezza-massima-600-de","11":"pa_colore-delle-foglie-grauen","12":"pa_condizionamento-clt-de","13":"pa_condizionamento-deco-holztopf","14":"pa_condizionamento-jungplanzen","15":"pa_famiglia-palmae-de","16":"pa_genere-butia-de","17":"pa_origine-brasilien","18":"pa_portamento-eretto-de","19":"pa_resistenza-climatica-mittel-hoch","20":"pa_resistenza-del-suolo-bestandig-gegen-trockene-boden","21":"pa_utilizzo-parks-de","23":"first","24":"instock","25":"purchasable","26":"product-type-simple"},"acf":[],"_links":{"self":[{"href":"https:\/\/innocentiemangonipiante.it\/de\/wp-json\/wp\/v2\/product\/64021","targetHints":{"allow":["GET"]}}],"collection":[{"href":"https:\/\/innocentiemangonipiante.it\/de\/wp-json\/wp\/v2\/product"}],"about":[{"href":"https:\/\/innocentiemangonipiante.it\/de\/wp-json\/wp\/v2\/types\/product"}],"wp:featuredmedia":[{"embeddable":true,"href":"https:\/\/innocentiemangonipiante.it\/de\/wp-json\/wp\/v2\/media\/20838"}],"wp:attachment":[{"href":"https:\/\/innocentiemangonipiante.it\/de\/wp-json\/wp\/v2\/media?parent=64021"}],"wp:term":[{"taxonomy":"product_brand","embeddable":true,"href":"https:\/\/innocentiemangonipiante.it\/de\/wp-json\/wp\/v2\/product_brand?post=64021"},{"taxonomy":"product_cat","embeddable":true,"href":"https:\/\/innocentiemangonipiante.it\/de\/wp-json\/wp\/v2\/product_cat?post=64021"},{"taxonomy":"product_tag","embeddable":true,"href":"https:\/\/innocentiemangonipiante.it\/de\/wp-json\/wp\/v2\/product_tag?post=64021"}],"curies":[{"name":"wp","href":"https:\/\/api.w.org\/{rel}","templated":true}]}}