{"id":64027,"date":"2023-11-04T00:16:34","date_gmt":"2023-11-03T23:16:34","guid":{"rendered":"http:\/\/innocentiemangonipiante.it\/citrus-x-mitis-2\/"},"modified":"2023-11-06T17:54:32","modified_gmt":"2023-11-06T16:54:32","slug":"citrus-x-mitis-2","status":"publish","type":"product","link":"https:\/\/innocentiemangonipiante.it\/de\/citrus-x-mitis-2\/","title":{"rendered":"CITRUS x mitis"},"content":{"rendered":"<p>Immergr\u00fcner Baum oder mittlerer Strauch rundlichen Wuchses. Ende Fr\u00fchjahr sprie\u00dfen rein wei\u00dfe Bl\u00fcten, aus denen rundliche, gelb-orangefarbene Fr\u00fcchte mit einem Durchmesser von 2,5-3,5 cm hervorgehen. Eine sehr dekorative Pflanze.<\/p>\n","protected":false},"excerpt":{"rendered":"<p>Immergr\u00fcner Baum oder mittlerer Strauch rundlichen Wuchses. Ende Fr\u00fchjahr sprie\u00dfen rein wei\u00dfe Bl\u00fcten, aus denen rundliche, gelb-orangefarbene Fr\u00fcchte mit einem Durchmesser von 2,5-3,5 cm hervorgehen. Eine sehr dekorative Pflanze.<\/p>\n","protected":false},"featured_media":38302,"template":"","meta":{"_acf_changed":false},"product_brand":[],"product_cat":[8816],"product_tag":[10898],"class_list":{"0":"post-64027","1":"product","2":"type-product","3":"status-publish","4":"has-post-thumbnail","6":"product_cat-hartnaeckige-baeume-und-straeucher","7":"product_tag-naturlichen","8":"pa_altezza-massima-300-de","9":"pa_altezza-massima-500-de","10":"pa_colore-fioritura-weis","11":"pa_famiglia-rutaceae-de","12":"pa_genere-citrus-de","13":"pa_origine-asien","14":"pa_periodo-fioritura-april-de","15":"pa_portamento-arrotondato-de","16":"pa_resistenza-climatica-pflanzen-mit-geringem-klimawiderstand","17":"pa_resistenza-del-suolo-bestandig-gegen-trockene-boden","18":"pa_utilizzo-balkone","19":"pa_utilizzo-kleine-gaerten","21":"first","22":"instock","23":"purchasable","24":"product-type-simple"},"acf":[],"_links":{"self":[{"href":"https:\/\/innocentiemangonipiante.it\/de\/wp-json\/wp\/v2\/product\/64027","targetHints":{"allow":["GET"]}}],"collection":[{"href":"https:\/\/innocentiemangonipiante.it\/de\/wp-json\/wp\/v2\/product"}],"about":[{"href":"https:\/\/innocentiemangonipiante.it\/de\/wp-json\/wp\/v2\/types\/product"}],"wp:featuredmedia":[{"embeddable":true,"href":"https:\/\/innocentiemangonipiante.it\/de\/wp-json\/wp\/v2\/media\/38302"}],"wp:attachment":[{"href":"https:\/\/innocentiemangonipiante.it\/de\/wp-json\/wp\/v2\/media?parent=64027"}],"wp:term":[{"taxonomy":"product_brand","embeddable":true,"href":"https:\/\/innocentiemangonipiante.it\/de\/wp-json\/wp\/v2\/product_brand?post=64027"},{"taxonomy":"product_cat","embeddable":true,"href":"https:\/\/innocentiemangonipiante.it\/de\/wp-json\/wp\/v2\/product_cat?post=64027"},{"taxonomy":"product_tag","embeddable":true,"href":"https:\/\/innocentiemangonipiante.it\/de\/wp-json\/wp\/v2\/product_tag?post=64027"}],"curies":[{"name":"wp","href":"https:\/\/api.w.org\/{rel}","templated":true}]}}