{"id":64031,"date":"2023-11-04T00:32:11","date_gmt":"2023-11-03T23:32:11","guid":{"rendered":"http:\/\/innocentiemangonipiante.it\/cryptomeria-japonica-elegans\/"},"modified":"2023-11-06T18:03:37","modified_gmt":"2023-11-06T17:03:37","slug":"cryptomeria-japonica-elegans-2","status":"publish","type":"product","link":"https:\/\/innocentiemangonipiante.it\/de\/cryptomeria-japonica-elegans-2\/","title":{"rendered":"CRYPTOMERIA japonica &#8218;Elegans&#8216;"},"content":{"rendered":"<p>Unregelm\u00e4\u00dfig kegelf\u00f6rmiger Nadelbaum. Die Haupt\u00e4ste wachsen waagerecht und bilden dichte, nah beieinander liegende Schichten, die der Pflanze ein sehr kompaktes Aussehen verleihen. Das nadelf\u00f6rmige, weiche Laub ist gr\u00fcnlich-blau im Sommer und f\u00e4rbt sich im Winter braunbronzefarben.<\/p>\n","protected":false},"excerpt":{"rendered":"<p>Unregelm\u00e4\u00dfig kegelf\u00f6rmiger Nadelbaum. Die Haupt\u00e4ste wachsen waagerecht und bilden dichte, nah beieinander liegende Schichten, die der Pflanze ein sehr kompaktes Aussehen verleihen. Das nadelf\u00f6rmige, weiche Laub ist gr\u00fcnlich-blau im Sommer und f\u00e4rbt sich im Winter braunbronzefarben.<\/p>\n","protected":false},"featured_media":21682,"template":"","meta":{"_acf_changed":false},"product_brand":[],"product_cat":[8825],"product_tag":[10898],"class_list":{"0":"post-64031","1":"product","2":"type-product","3":"status-publish","4":"has-post-thumbnail","6":"product_cat-koniferen","7":"product_tag-naturlichen","8":"pa_altezza-massima-600-de","9":"pa_altezza-massima-900-de","10":"pa_condizionamento-clt-de","11":"pa_famiglia-taxodiaceae-de","12":"pa_genere-cryptomeria-de","13":"pa_origine-ostasien","14":"pa_resistenza-climatica-mittel-hoch","15":"pa_resistenza-del-suolo-resistent-gegen-arme-boeden","16":"pa_salinita-bestaendigkeit-in-meeresluft","18":"first","19":"instock","20":"purchasable","21":"product-type-simple"},"acf":[],"_links":{"self":[{"href":"https:\/\/innocentiemangonipiante.it\/de\/wp-json\/wp\/v2\/product\/64031","targetHints":{"allow":["GET"]}}],"collection":[{"href":"https:\/\/innocentiemangonipiante.it\/de\/wp-json\/wp\/v2\/product"}],"about":[{"href":"https:\/\/innocentiemangonipiante.it\/de\/wp-json\/wp\/v2\/types\/product"}],"wp:featuredmedia":[{"embeddable":true,"href":"https:\/\/innocentiemangonipiante.it\/de\/wp-json\/wp\/v2\/media\/21682"}],"wp:attachment":[{"href":"https:\/\/innocentiemangonipiante.it\/de\/wp-json\/wp\/v2\/media?parent=64031"}],"wp:term":[{"taxonomy":"product_brand","embeddable":true,"href":"https:\/\/innocentiemangonipiante.it\/de\/wp-json\/wp\/v2\/product_brand?post=64031"},{"taxonomy":"product_cat","embeddable":true,"href":"https:\/\/innocentiemangonipiante.it\/de\/wp-json\/wp\/v2\/product_cat?post=64031"},{"taxonomy":"product_tag","embeddable":true,"href":"https:\/\/innocentiemangonipiante.it\/de\/wp-json\/wp\/v2\/product_tag?post=64031"}],"curies":[{"name":"wp","href":"https:\/\/api.w.org\/{rel}","templated":true}]}}