{"id":64049,"date":"2023-11-04T01:47:43","date_gmt":"2023-11-04T00:47:43","guid":{"rendered":"http:\/\/innocentiemangonipiante.it\/magnolia-x-royal-crown-2\/"},"modified":"2023-11-06T19:07:04","modified_gmt":"2023-11-06T18:07:04","slug":"magnolia-x-royal-crown-2","status":"publish","type":"product","link":"https:\/\/innocentiemangonipiante.it\/de\/magnolia-x-royal-crown-2\/","title":{"rendered":"MAGNOLIA x &#8218;Royal Crown&#8216;"},"content":{"rendered":"<p>Sommergr\u00fcner sehr kr\u00e4ftiger Strauch. Die Bl\u00fcten bestehen aus 12 Bl\u00fctenbl\u00e4ttern, die tief rosa innen und wei\u00df au\u00dfen sind.<\/p>\n","protected":false},"excerpt":{"rendered":"<p>Sommergr\u00fcner sehr kr\u00e4ftiger Strauch. Die Bl\u00fcten bestehen aus 12 Bl\u00fctenbl\u00e4ttern, die tief rosa innen und wei\u00df au\u00dfen sind.<\/p>\n","protected":false},"featured_media":3941,"template":"","meta":{"_acf_changed":false},"product_brand":[],"product_cat":[8816],"product_tag":[10898,8401],"class_list":{"0":"post-64049","1":"product","2":"type-product","3":"status-publish","4":"has-post-thumbnail","6":"product_cat-hartnaeckige-baeume-und-straeucher","7":"product_tag-naturlichen","8":"product_tag-hochstamm","9":"pa_altezza-massima-800-de","10":"pa_altezza-massima-1000-de-2","11":"pa_colore-fioritura-rose-de","12":"pa_condizionamento-clt-de","13":"pa_condizionamento-m-de","14":"pa_famiglia-magnoliaceae-de","15":"pa_genere-magnolia-de","16":"pa_origine-u-s-a","17":"pa_periodo-fioritura-april-de","18":"pa_periodo-fioritura-maerz","19":"pa_portamento-piramidale-de","20":"pa_profumo-zart","21":"pa_resistenza-climatica-sehr-hoch","22":"pa_resistenza-del-suolo-bestandigkeit-auf-feuchten-boden","23":"pa_utilizzo-parks-de","25":"first","26":"instock","27":"purchasable","28":"product-type-simple"},"acf":[],"_links":{"self":[{"href":"https:\/\/innocentiemangonipiante.it\/de\/wp-json\/wp\/v2\/product\/64049","targetHints":{"allow":["GET"]}}],"collection":[{"href":"https:\/\/innocentiemangonipiante.it\/de\/wp-json\/wp\/v2\/product"}],"about":[{"href":"https:\/\/innocentiemangonipiante.it\/de\/wp-json\/wp\/v2\/types\/product"}],"wp:featuredmedia":[{"embeddable":true,"href":"https:\/\/innocentiemangonipiante.it\/de\/wp-json\/wp\/v2\/media\/3941"}],"wp:attachment":[{"href":"https:\/\/innocentiemangonipiante.it\/de\/wp-json\/wp\/v2\/media?parent=64049"}],"wp:term":[{"taxonomy":"product_brand","embeddable":true,"href":"https:\/\/innocentiemangonipiante.it\/de\/wp-json\/wp\/v2\/product_brand?post=64049"},{"taxonomy":"product_cat","embeddable":true,"href":"https:\/\/innocentiemangonipiante.it\/de\/wp-json\/wp\/v2\/product_cat?post=64049"},{"taxonomy":"product_tag","embeddable":true,"href":"https:\/\/innocentiemangonipiante.it\/de\/wp-json\/wp\/v2\/product_tag?post=64049"}],"curies":[{"name":"wp","href":"https:\/\/api.w.org\/{rel}","templated":true}]}}