{"id":65663,"date":"2024-08-12T09:48:57","date_gmt":"2024-08-12T07:48:57","guid":{"rendered":"https:\/\/innocentiemangonipiante.it\/cestrum-nocturnum\/"},"modified":"2024-08-12T09:53:31","modified_gmt":"2024-08-12T07:53:31","slug":"cestrum-nocturnum","status":"publish","type":"product","link":"https:\/\/innocentiemangonipiante.it\/de\/cestrum-nocturnum\/","title":{"rendered":"CESTRUM nocturnum"},"content":{"rendered":"<p>Pflanze aus Indien, wenig k\u00e4ltebest\u00e4ndig. Sie produziert im Sommer wei\u00dfe Blumen, die sich nachts \u00f6ffnen und einen s\u00fc\u00dfen und intensiven Duft verstr\u00f6men. Bevorzugt sonnige Standorte. Kann auch im Topf angebaut werden.<\/p>\n","protected":false},"excerpt":{"rendered":"<p><br data-mce-bogus=\"1\"><\/p>\n","protected":false},"featured_media":0,"template":"","meta":{"_acf_changed":false},"product_brand":[],"product_cat":[8813],"product_tag":[10898],"class_list":{"0":"post-65663","1":"product","2":"type-product","3":"status-publish","5":"product_cat-laubbaume-und-straucher","6":"product_tag-naturlichen","7":"pa_altezza-massima-200-de","8":"pa_altezza-massima-300-de","9":"pa_colore-fioritura-weis","10":"pa_condizionamento-clt-de","11":"pa_famiglia-solanacee-de","12":"pa_genere-cestrum-de","13":"pa_origine-indien","14":"pa_periodo-fioritura-august-de","15":"pa_periodo-fioritura-juli","16":"pa_periodo-fioritura-juni","17":"pa_resistenza-climatica-mittel-hoch","18":"pa_utilizzo-balkone","19":"pa_utilizzo-im-innen","20":"pa_utilizzo-kleine-gaerten","22":"first","23":"instock","24":"shipping-taxable","25":"purchasable","26":"product-type-simple"},"acf":[],"_links":{"self":[{"href":"https:\/\/innocentiemangonipiante.it\/de\/wp-json\/wp\/v2\/product\/65663","targetHints":{"allow":["GET"]}}],"collection":[{"href":"https:\/\/innocentiemangonipiante.it\/de\/wp-json\/wp\/v2\/product"}],"about":[{"href":"https:\/\/innocentiemangonipiante.it\/de\/wp-json\/wp\/v2\/types\/product"}],"wp:attachment":[{"href":"https:\/\/innocentiemangonipiante.it\/de\/wp-json\/wp\/v2\/media?parent=65663"}],"wp:term":[{"taxonomy":"product_brand","embeddable":true,"href":"https:\/\/innocentiemangonipiante.it\/de\/wp-json\/wp\/v2\/product_brand?post=65663"},{"taxonomy":"product_cat","embeddable":true,"href":"https:\/\/innocentiemangonipiante.it\/de\/wp-json\/wp\/v2\/product_cat?post=65663"},{"taxonomy":"product_tag","embeddable":true,"href":"https:\/\/innocentiemangonipiante.it\/de\/wp-json\/wp\/v2\/product_tag?post=65663"}],"curies":[{"name":"wp","href":"https:\/\/api.w.org\/{rel}","templated":true}]}}