{"id":68774,"date":"2026-01-07T12:31:14","date_gmt":"2026-01-07T11:31:14","guid":{"rendered":"https:\/\/innocentiemangonipiante.it\/abelia-grandiflora-jelly-beans\/"},"modified":"2026-01-07T20:45:33","modified_gmt":"2026-01-07T19:45:33","slug":"abelia-grandiflora-jelly-beans","status":"publish","type":"product","link":"https:\/\/innocentiemangonipiante.it\/de\/abelia-grandiflora-jelly-beans\/","title":{"rendered":"ABELIA grandiflora &#8218;Jelly Beans&#8216; \u00ae"},"content":{"rendered":"<p>Jelly Beans ist eine neue panaschierte Sorte von Abelia \u00d7 grandiflora. Dieser mittelgro\u00dfe, halbimmergr\u00fcne Strauch mit rundlichem Wuchs hat kompakte Zweige und kleine, gl\u00e4nzende, ovale Bl\u00e4tter mit einer goldenen Panaschierung. Er bl\u00fcht fr\u00fch und bildet B\u00fcschel von glockenf\u00f6rmigen wei\u00dfen Bl\u00fcten mit rosafarbenen Nuancen. Dank seines gl\u00e4nzenden, panaschierten Laubs ist Jelly Beans das ganze Jahr \u00fcber eine attraktive Pflanze f\u00fcr den Garten.<\/p>\n","protected":false},"excerpt":{"rendered":"<p>Jelly Beans ist eine neue panaschierte Sorte von Abelia \u00d7 grandiflora. Dieser mittelgro\u00dfe, halbimmergr\u00fcne Strauch mit rundlichem Wuchs hat kompakte Zweige und kleine, gl\u00e4nzende, ovale Bl\u00e4tter mit einer goldenen Panaschierung. Er bl\u00fcht fr\u00fch und bildet B\u00fcschel von glockenf\u00f6rmigen wei\u00dfen Bl\u00fcten mit rosafarbenen Nuancen. Dank seines gl\u00e4nzenden, panaschierten Laubs ist Jelly Beans das ganze Jahr \u00fcber [&hellip;]<\/p>\n","protected":false},"featured_media":67063,"template":"","meta":{"_acf_changed":false},"product_brand":[],"product_cat":[8816],"product_tag":[10898],"class_list":{"0":"post-68774","1":"product","2":"type-product","3":"status-publish","4":"has-post-thumbnail","6":"product_cat-hartnaeckige-baeume-und-straeucher","7":"product_tag-naturlichen","8":"pa_altezza-massima-100-de","9":"pa_colore-delle-foglie-vielfaeltigen","10":"pa_colore-fioritura-weis","11":"pa_famiglia-caprifoliaceae-de","12":"pa_genere-abelia-de","13":"pa_origine-holland-de","14":"pa_portamento-cespuglioso-de","15":"pa_profumo-intensiv","16":"pa_resistenza-climatica-mittel-hoch","18":"first","19":"instock","20":"purchasable","21":"product-type-simple"},"acf":[],"_links":{"self":[{"href":"https:\/\/innocentiemangonipiante.it\/de\/wp-json\/wp\/v2\/product\/68774","targetHints":{"allow":["GET"]}}],"collection":[{"href":"https:\/\/innocentiemangonipiante.it\/de\/wp-json\/wp\/v2\/product"}],"about":[{"href":"https:\/\/innocentiemangonipiante.it\/de\/wp-json\/wp\/v2\/types\/product"}],"wp:featuredmedia":[{"embeddable":true,"href":"https:\/\/innocentiemangonipiante.it\/de\/wp-json\/wp\/v2\/media\/67063"}],"wp:attachment":[{"href":"https:\/\/innocentiemangonipiante.it\/de\/wp-json\/wp\/v2\/media?parent=68774"}],"wp:term":[{"taxonomy":"product_brand","embeddable":true,"href":"https:\/\/innocentiemangonipiante.it\/de\/wp-json\/wp\/v2\/product_brand?post=68774"},{"taxonomy":"product_cat","embeddable":true,"href":"https:\/\/innocentiemangonipiante.it\/de\/wp-json\/wp\/v2\/product_cat?post=68774"},{"taxonomy":"product_tag","embeddable":true,"href":"https:\/\/innocentiemangonipiante.it\/de\/wp-json\/wp\/v2\/product_tag?post=68774"}],"curies":[{"name":"wp","href":"https:\/\/api.w.org\/{rel}","templated":true}]}}