{"id":68777,"date":"2026-01-07T12:32:13","date_gmt":"2026-01-07T11:32:13","guid":{"rendered":"https:\/\/innocentiemangonipiante.it\/azalea-star-style-pink\/"},"modified":"2026-01-07T20:45:42","modified_gmt":"2026-01-07T19:45:42","slug":"azalea-star-style-pink","status":"publish","type":"product","link":"https:\/\/innocentiemangonipiante.it\/de\/azalea-star-style-pink\/","title":{"rendered":"AZALEA &#8218;Star Style Pink&#8216; \u00ae"},"content":{"rendered":"<p>Eine Sorte, die sternf\u00f6rmige Bl\u00fcten in leuchtendem Flieder produziert. Jede Bl\u00fcte besteht aus langen, schmalen Bl\u00fctenbl\u00e4ttern. W\u00e4hrend der Bl\u00fctezeit ist die Pflanze fast vollst\u00e4ndig bedeckt, sodass nur wenig Laub sichtbar bleibt. Star Style-Azaleen bilden einen dichten, kompakten H\u00fcgel aus feinem, gl\u00e4nzend dunkelgr\u00fcnem Laub. Allerdings sind die St\u00e4ngel und Zweige zerbrechlich und ben\u00f6tigen Schutz vor Wind und Frost. Die H\u00f6he betr\u00e4gt in zehn Jahren etwa 50-70 cm.<\/p>\n","protected":false},"excerpt":{"rendered":"<p>Eine Sorte, die sternf\u00f6rmige Bl\u00fcten in leuchtendem Flieder produziert. Jede Bl\u00fcte besteht aus langen, schmalen Bl\u00fctenbl\u00e4ttern. W\u00e4hrend der Bl\u00fctezeit ist die Pflanze fast vollst\u00e4ndig bedeckt, sodass nur wenig Laub sichtbar bleibt. Star Style-Azaleen bilden einen dichten, kompakten H\u00fcgel aus feinem, gl\u00e4nzend dunkelgr\u00fcnem Laub. Allerdings sind die St\u00e4ngel und Zweige zerbrechlich und ben\u00f6tigen Schutz vor Wind [&hellip;]<\/p>\n","protected":false},"featured_media":67096,"template":"","meta":{"_acf_changed":false},"product_brand":[],"product_cat":[8816],"product_tag":[10898],"class_list":{"0":"post-68777","1":"product","2":"type-product","3":"status-publish","4":"has-post-thumbnail","6":"product_cat-hartnaeckige-baeume-und-straeucher","7":"product_tag-naturlichen","8":"pa_altezza-massima-0_50-meter","9":"pa_altezza-massima-0_70-meter","10":"pa_colore-fioritura-rose-de","11":"pa_famiglia-ericaceae-de","12":"pa_genere-azalea-de","13":"pa_origine-holland-de","14":"pa_periodo-fioritura-mai-de","15":"pa_portamento-arrotondato-de","16":"pa_resistenza-climatica-sehr-hoch","17":"pa_utilizzo-balkone","18":"pa_utilizzo-kleine-gaerten","20":"first","21":"instock","22":"purchasable","23":"product-type-simple"},"acf":[],"_links":{"self":[{"href":"https:\/\/innocentiemangonipiante.it\/de\/wp-json\/wp\/v2\/product\/68777","targetHints":{"allow":["GET"]}}],"collection":[{"href":"https:\/\/innocentiemangonipiante.it\/de\/wp-json\/wp\/v2\/product"}],"about":[{"href":"https:\/\/innocentiemangonipiante.it\/de\/wp-json\/wp\/v2\/types\/product"}],"wp:featuredmedia":[{"embeddable":true,"href":"https:\/\/innocentiemangonipiante.it\/de\/wp-json\/wp\/v2\/media\/67096"}],"wp:attachment":[{"href":"https:\/\/innocentiemangonipiante.it\/de\/wp-json\/wp\/v2\/media?parent=68777"}],"wp:term":[{"taxonomy":"product_brand","embeddable":true,"href":"https:\/\/innocentiemangonipiante.it\/de\/wp-json\/wp\/v2\/product_brand?post=68777"},{"taxonomy":"product_cat","embeddable":true,"href":"https:\/\/innocentiemangonipiante.it\/de\/wp-json\/wp\/v2\/product_cat?post=68777"},{"taxonomy":"product_tag","embeddable":true,"href":"https:\/\/innocentiemangonipiante.it\/de\/wp-json\/wp\/v2\/product_tag?post=68777"}],"curies":[{"name":"wp","href":"https:\/\/api.w.org\/{rel}","templated":true}]}}