{"id":68778,"date":"2026-01-07T12:32:34","date_gmt":"2026-01-07T11:32:34","guid":{"rendered":"https:\/\/innocentiemangonipiante.it\/berberis-thunbergii-orange-ice\/"},"modified":"2026-01-07T20:45:44","modified_gmt":"2026-01-07T19:45:44","slug":"berberis-thunbergii-orange-ice","status":"publish","type":"product","link":"https:\/\/innocentiemangonipiante.it\/de\/berberis-thunbergii-orange-ice\/","title":{"rendered":"BERBERIS thunbergii &#8218;Orange Ice&#8216; \u00ae"},"content":{"rendered":"<p>&#8218;Orange Ice&#8216; ist ein mittelgro\u00dfer Berberis mit einem dichten, kompakten und aufrechten Wuchs, der nach sechs Jahren eine H\u00f6he von 60 bis 70 cm und eine Breite von 30 cm erreicht. Die Bl\u00e4tter haben eine intensive hellorange Farbe. Er ben\u00f6tigt einen sonnigen Standort. Es gibt keine besonderen Bodenanforderungen, und die Pflanze ist winterhart. Geeignet f\u00fcr die Pflanzung in kleinen und mittelgro\u00dfen G\u00e4rten sowie in Containern auf einer Terrasse<\/p>\n","protected":false},"excerpt":{"rendered":"<p>&#8218;Orange Ice&#8216; ist ein mittelgro\u00dfer Berberis mit einem dichten, kompakten und aufrechten Wuchs, der nach sechs Jahren eine H\u00f6he von 60 bis 70 cm und eine Breite von 30 cm erreicht. Die Bl\u00e4tter haben eine intensive hellorange Farbe. Er ben\u00f6tigt einen sonnigen Standort. Es gibt keine besonderen Bodenanforderungen, und die Pflanze ist winterhart. Geeignet f\u00fcr [&hellip;]<\/p>\n","protected":false},"featured_media":67107,"template":"","meta":{"_acf_changed":false},"product_brand":[],"product_cat":[8816],"product_tag":[10898],"class_list":{"0":"post-68778","1":"product","2":"type-product","3":"status-publish","4":"has-post-thumbnail","6":"product_cat-hartnaeckige-baeume-und-straeucher","7":"product_tag-naturlichen","8":"pa_altezza-massima-0_60-meter","9":"pa_altezza-massima-0_70-meter","10":"pa_famiglia-berberidaceae-de","11":"pa_genere-berberis-de","12":"pa_inquinamento-bestaendigkeit-gegen-smog","13":"pa_origine-poland-de","14":"pa_portamento-arrotondato-de","15":"pa_resistenza-climatica-sehr-hoch","16":"pa_utilizzo-balkone","17":"pa_utilizzo-kleine-gaerten","19":"first","20":"instock","21":"purchasable","22":"product-type-simple"},"acf":[],"_links":{"self":[{"href":"https:\/\/innocentiemangonipiante.it\/de\/wp-json\/wp\/v2\/product\/68778","targetHints":{"allow":["GET"]}}],"collection":[{"href":"https:\/\/innocentiemangonipiante.it\/de\/wp-json\/wp\/v2\/product"}],"about":[{"href":"https:\/\/innocentiemangonipiante.it\/de\/wp-json\/wp\/v2\/types\/product"}],"wp:featuredmedia":[{"embeddable":true,"href":"https:\/\/innocentiemangonipiante.it\/de\/wp-json\/wp\/v2\/media\/67107"}],"wp:attachment":[{"href":"https:\/\/innocentiemangonipiante.it\/de\/wp-json\/wp\/v2\/media?parent=68778"}],"wp:term":[{"taxonomy":"product_brand","embeddable":true,"href":"https:\/\/innocentiemangonipiante.it\/de\/wp-json\/wp\/v2\/product_brand?post=68778"},{"taxonomy":"product_cat","embeddable":true,"href":"https:\/\/innocentiemangonipiante.it\/de\/wp-json\/wp\/v2\/product_cat?post=68778"},{"taxonomy":"product_tag","embeddable":true,"href":"https:\/\/innocentiemangonipiante.it\/de\/wp-json\/wp\/v2\/product_tag?post=68778"}],"curies":[{"name":"wp","href":"https:\/\/api.w.org\/{rel}","templated":true}]}}