{"id":68779,"date":"2026-01-07T12:32:54","date_gmt":"2026-01-07T11:32:54","guid":{"rendered":"https:\/\/innocentiemangonipiante.it\/buxus-newgen-indipendence\/"},"modified":"2026-01-07T20:45:47","modified_gmt":"2026-01-07T19:45:47","slug":"buxus-newgen-indipendence","status":"publish","type":"product","link":"https:\/\/innocentiemangonipiante.it\/de\/buxus-newgen-indipendence\/","title":{"rendered":"BUXUS &#8218;NewGen Indipendence&#8216; \u00ae"},"content":{"rendered":"<p>Eine mittelgro\u00dfe Sorte mit einer sehr intensiven gr\u00fcnen Farbe, die den ganzen Winter \u00fcber eine hervorragende F\u00e4rbung beibeh\u00e4lt. Sie hat einen abgerundeten Wuchs, fast so hoch wie breit, Was ihn perfekt macht, um zu einer Kugel geformt zu werden. K\u00e4ltetolerant. Ausgew\u00e4hlt wegen seiner Widerstandsf\u00e4higkeit gegen Krankheiten.<\/p>\n","protected":false},"excerpt":{"rendered":"<p>Eine mittelgro\u00dfe Sorte mit einer sehr intensiven gr\u00fcnen Farbe, die den ganzen Winter \u00fcber eine hervorragende F\u00e4rbung beibeh\u00e4lt. Sie hat einen abgerundeten Wuchs, fast so hoch wie breit, Was ihn perfekt macht, um zu einer Kugel geformt zu werden. K\u00e4ltetolerant. Ausgew\u00e4hlt wegen seiner Widerstandsf\u00e4higkeit gegen Krankheiten.<\/p>\n","protected":false},"featured_media":67128,"template":"","meta":{"_acf_changed":false},"product_brand":[],"product_cat":[8816],"product_tag":[10898],"class_list":{"0":"post-68779","1":"product","2":"type-product","3":"status-publish","4":"has-post-thumbnail","6":"product_cat-hartnaeckige-baeume-und-straeucher","7":"product_tag-naturlichen","8":"pa_altezza-massima-0_80-meter","9":"pa_altezza-massima-120-de","10":"pa_famiglia-buxaceae-de","11":"pa_genere-buxus-de","12":"pa_origine-u-s-a","13":"pa_portamento-arrotondato-de","14":"pa_resistenza-climatica-sehr-hoch","15":"pa_utilizzo-bordueren","16":"pa_utilizzo-hecken","17":"pa_utilizzo-kleine-gaerten","18":"pa_utilizzo-parks-de","20":"first","21":"instock","22":"purchasable","23":"product-type-simple"},"acf":[],"_links":{"self":[{"href":"https:\/\/innocentiemangonipiante.it\/de\/wp-json\/wp\/v2\/product\/68779","targetHints":{"allow":["GET"]}}],"collection":[{"href":"https:\/\/innocentiemangonipiante.it\/de\/wp-json\/wp\/v2\/product"}],"about":[{"href":"https:\/\/innocentiemangonipiante.it\/de\/wp-json\/wp\/v2\/types\/product"}],"wp:featuredmedia":[{"embeddable":true,"href":"https:\/\/innocentiemangonipiante.it\/de\/wp-json\/wp\/v2\/media\/67128"}],"wp:attachment":[{"href":"https:\/\/innocentiemangonipiante.it\/de\/wp-json\/wp\/v2\/media?parent=68779"}],"wp:term":[{"taxonomy":"product_brand","embeddable":true,"href":"https:\/\/innocentiemangonipiante.it\/de\/wp-json\/wp\/v2\/product_brand?post=68779"},{"taxonomy":"product_cat","embeddable":true,"href":"https:\/\/innocentiemangonipiante.it\/de\/wp-json\/wp\/v2\/product_cat?post=68779"},{"taxonomy":"product_tag","embeddable":true,"href":"https:\/\/innocentiemangonipiante.it\/de\/wp-json\/wp\/v2\/product_tag?post=68779"}],"curies":[{"name":"wp","href":"https:\/\/api.w.org\/{rel}","templated":true}]}}